{"id":5997,"date":"2017-03-31T11:42:29","date_gmt":"2017-03-31T09:42:29","guid":{"rendered":"http:\/\/greensurance.qfact.info\/?page_id=5997"},"modified":"2019-11-24T16:00:35","modified_gmt":"2019-11-24T15:00:35","slug":"oeko-und-bio-siegel","status":"publish","type":"page","link":"https:\/\/www.greensurance.de\/einkaufsratgeber\/oeko-und-bio-siegel\/","title":{"rendered":"\u00d6ko- und Bio-Siegel"},"content":{"rendered":"<div class=\"wpb-content-wrapper\"><p>[vc_row margin_top=&#8220;20px&#8220;][vc_column css=&#8220;.vc_custom_1491927236989{padding-bottom: 5% !important;}&#8220;][ultimate_heading main_heading=&#8220;\u00d6ko- und Bio-Siegel&#8220; heading_tag=&#8220;h1&#8243; alignment=&#8220;left&#8220;][\/ultimate_heading][\/vc_column][\/vc_row][vc_row margin_top=&#8220;20px&#8220;][vc_column css=&#8220;.vc_custom_1491927236989{padding-bottom: 5% !important;}&#8220;][vc_column_text]Siegel k\u00f6nnen Ihnen die Kaufentscheidung vereinfachen.<\/p>\n<p>Doch mittlerweile sind unz\u00e4hlige Siegel auf dem Markt.\u00a0Welchen Siegeln kann ich vertrauen? Was bedeuten die einzelnen Siegel? Welche Siegel sind mein Geld wert?<\/p>\n<p>Der Greensurance\u00ae-Einkaufsratgeber unterst\u00fctzt Sie dabei, echte Siegel des Umweltschutzes von Fake-Siegeln zu unterscheiden.<\/p>\n<p><strong>Echte Bio-Siegel vereinfachen Ihnen den bewussten Einkauf.<\/strong>[\/vc_column_text][\/vc_column][\/vc_row][vc_row type=&#8220;vc_default&#8220; equal_height=&#8220;yes&#8220; margin_bottom=&#8220;0px&#8220; css=&#8220;.vc_custom_1497435573654{margin-top: 0px !important;margin-right: 0px !important;margin-bottom: 0px !important;margin-left: 0px !important;border-bottom-width: 0px !important;padding-top: 0px !important;padding-right: 0px !important;padding-bottom: 0px !important;padding-left: 0px !important;background-color: #ffffff !important;border-bottom-color: #ffffff !important;border-bottom-style: solid !important;}&#8220; min_height=&#8220;400px&#8220;][vc_column width=&#8220;1\/2&#8243; css=&#8220;.vc_custom_1497435685469{border-bottom-width: 0px !important;padding-top: 0px !important;padding-right: 0px !important;padding-left: 0px !important;}&#8220;][vc_single_image image=&#8220;6670&#8243; img_size=&#8220;full&#8220; css=&#8220;.vc_custom_1497435718836{margin-top: 0px !important;margin-right: 0px !important;margin-bottom: 0px !important;margin-left: 0px !important;padding-top: 0px !important;padding-right: 0px !important;padding-left: 0px !important;}&#8220;][\/vc_column][vc_column width=&#8220;1\/2&#8243; css=&#8220;.vc_custom_1497435645102{margin-top: 0px !important;margin-right: 0px !important;margin-bottom: 0px !important;margin-left: 0px !important;padding-top: 0px !important;padding-right: 0px !important;padding-bottom: 0px !important;padding-left: 0px !important;background-color: #f8fbee !important;}&#8220;][vc_column_text css=&#8220;.vc_custom_1497435609098{padding-top: 3% !important;padding-right: 3% !important;padding-bottom: 3% !important;padding-left: 3% !important;}&#8220;]<\/p>\n<h3>Warum erstellt Greensurance\u00ae einen Einkaufsratgeber?<\/h3>\n<div class=\"img_caption right\">Setzen Sie mit Greensurance Zeichen f\u00fcr eine nachhaltige Entwicklung. Achten Sie bei Ihrem Einkauf auf glaubw\u00fcrdige und strenge G\u00fctesiegel.\u00a0Greensurance\u00ae treibt den Umweltschutz aktiv voran \u2212 in der Versicherungsbranche wie auch im allt\u00e4glichen Leben.<\/div>\n<p>Um Ihnen eine informierte und bewusste Entscheidung zu erm\u00f6glichen, bietet Greensurance\u00ae den Einkaufsratgeber als Orientierungshilfe an. Wir beraten Sie neutral. Greensurance\u00ae erh\u00e4lt keinen gesch\u00e4ftlichen Vorteil aus der Empfehlung einzelner Siegel oder Weiterleitung auf externe Webseiten.<\/p>\n<p>Die gesammelten Informationen wurden nach bestem Wissen und Gewissen zum Stand 01\/2015 recherchiert. Die Kriterien der Siegel beruhen auf den Angaben der Siegelinhaber. Die Daten werden fortlaufend erweitert und aktualisiert.<\/p>\n<p>Die Auswahl der dargestellten Siegel erhebt nicht den Anspruch auf Vollst\u00e4ndigkeit, sehr wohl aber auf Notwendigkeit und Aktualit\u00e4t. Unter \u00bbGreensurance-Meinung\u00ab\u00a0bei den jeweiligen Siegeln werden empfehlenswerte Siegel mit der Wabe \u00bbZeichen setzen\u00ab\u00a0(s.u.) gekennzeichnet.[\/vc_column_text][\/vc_column][\/vc_row][vc_row type=&#8220;vc_default&#8220; equal_height=&#8220;yes&#8220; margin_bottom=&#8220;0px&#8220; css=&#8220;.vc_custom_1497435778186{margin-bottom: 5% !important;padding-top: 0px !important;padding-right: 0px !important;padding-left: 0px !important;}&#8220; min_height=&#8220;400px&#8220;][vc_column width=&#8220;1\/2&#8243; css=&#8220;.vc_custom_1497435867471{margin-left: 2% !important;padding-top: 3% !important;padding-right: 3% !important;padding-left: 3% !important;background-color: #f8fbee !important;}&#8220;][vc_column_text css=&#8220;.vc_custom_1497435820642{padding-top: 0px !important;padding-right: 0px !important;padding-bottom: 0px !important;padding-left: 0px !important;}&#8220;]<\/p>\n<h3>Nutzen Sie das Angebot an Siegeln!<br \/>\nF\u00fcr sich und Ihre Umwelt.<\/h3>\n<p><img loading=\"lazy\" decoding=\"async\" class=\"alignright wp-image-6190\" src=\"https:\/\/www.greensurance.de\/einkaufsratgeber\/wp-content\/uploads\/sites\/4\/2017\/03\/zeichensetzen_button_small.png\" alt=\"\" width=\"98\" height=\"86\" \/>Greensurance\u00ae w\u00fcnscht viel Freude beim Siegel-Einkauf.<\/p>\n<p><strong>Setzen Sie Zeichen.<\/strong><\/p>\n<p><strong>Handeln Sie bewusst.<\/strong><\/p>\n<p>Zu den verschiedenen Siegeln der Gruppen[\/vc_column_text][vc_row_inner css=&#8220;.vc_custom_1495035841593{margin-top: 0px !important;margin-right: 0px !important;margin-bottom: 0px !important;margin-left: 0px !important;padding-top: 0px !important;padding-right: 0px !important;padding-bottom: 0px !important;padding-left: 0px !important;}&#8220;][vc_column_inner width=&#8220;2\/3&#8243; css=&#8220;.vc_custom_1495036504899{margin-top: 0px !important;margin-right: 0px !important;margin-bottom: 0px !important;padding-top: 0px !important;padding-right: 0px !important;padding-bottom: 0px !important;padding-left: 0px !important;}&#8220;][vc_column_text]<\/p>\n<ul class=\"qf_list\">\n<li><a href=\"\/einkaufsratgeber\/oeko-und-bio-siegel\/lebensmittel\/\">Lebensmittel<\/a><\/li>\n<li><a href=\"\/einkaufsratgeber\/oeko-und-bio-siegel\/natur-und-biokosmetik\/\">Natur- &amp;\u00a0Biokosmetik<\/a><\/li>\n<li><a href=\"\/einkaufsratgeber\/oeko-und-bio-siegel\/kleidung-und-textilien\/\">Kleidung &amp;\u00a0Textilien<\/a><\/li>\n<li><a href=\"\/einkaufsratgeber\/oeko-und-bio-siegel\/wasch-und-reinigungsmittel\/\">Wasch- &amp; Reinigungsmittel<\/a><\/li>\n<\/ul>\n<p>[\/vc_column_text][\/vc_column_inner][vc_column_inner width=&#8220;1\/3&#8243; css=&#8220;.vc_custom_1495036523361{margin-top: 0px !important;margin-right: 0px !important;margin-bottom: 0px !important;margin-left: 0px !important;padding-top: 0px !important;padding-right: 0px !important;padding-bottom: 0px !important;padding-left: 0px !important;}&#8220;][vc_column_text]<\/p>\n<ul class=\"qf_list\">\n<li><a href=\"\/einkaufsratgeber\/oeko-und-bio-siegel\/technik-und-strom\/\">Technik &amp; Strom<\/a><\/li>\n<li><a href=\"\/einkaufsratgeber\/oeko-und-bio-siegel\/papier-und-holz\/\">Papier &amp; Holz<\/a><\/li>\n<li><a href=\"\/einkaufsratgeber\/oeko-und-bio-siegel\/finanzen\/\">Finanzen<\/a><\/li>\n<\/ul>\n<p>[\/vc_column_text][\/vc_column_inner][\/vc_row_inner][\/vc_column][vc_column width=&#8220;1\/2&#8243; css=&#8220;.vc_custom_1483965993983{margin-top: 0px !important;margin-right: 0px !important;margin-bottom: 0px !important;margin-left: 0px !important;padding-top: 0px !important;padding-right: 0px !important;padding-bottom: 0px !important;padding-left: 0px !important;background-color: #f8fbee !important;}&#8220;][vc_single_image image=&#8220;6202&#8243; img_size=&#8220;full&#8220; alignment=&#8220;center&#8220; css=&#8220;.vc_custom_1495037284427{margin-right: 0px !important;margin-bottom: 0px !important;padding-top: 0px !important;padding-left: 0px !important;}&#8220;][\/vc_column][\/vc_row]<\/p>\n<\/div>","protected":false},"excerpt":{"rendered":"<p>[vc_row margin_top=&#8220;20px&#8220;][vc_column css=&#8220;.vc_custom_1491927236989{padding-bottom: 5% !important;}&#8220;][ultimate_heading main_heading=&#8220;\u00d6ko- und Bio-Siegel&#8220; heading_tag=&#8220;h1&#8243; alignment=&#8220;left&#8220;][\/ultimate_heading][\/vc_column][\/vc_row][vc_row margin_top=&#8220;20px&#8220;][vc_column css=&#8220;.vc_custom_1491927236989{padding-bottom: 5% !important;}&#8220;][vc_column_text]Siegel k\u00f6nnen Ihnen die Kaufentscheidung vereinfachen. Doch mittlerweile sind unz\u00e4hlige Siegel auf dem Markt.\u00a0Welchen Siegeln kann ich vertrauen? Was bedeuten die einzelnen Siegel? Welche Siegel sind mein Geld wert? Der Greensurance\u00ae-Einkaufsratgeber unterst\u00fctzt Sie dabei, echte Siegel des Umweltschutzes von Fake-Siegeln zu unterscheiden.&hellip;<\/p>\n","protected":false},"author":1,"featured_media":0,"parent":0,"menu_order":0,"comment_status":"closed","ping_status":"closed","template":"","meta":{"footnotes":""},"class_list":["post-5997","page","type-page","status-publish","hentry","description-off"],"_links":{"self":[{"href":"https:\/\/www.greensurance.de\/einkaufsratgeber\/wp-json\/wp\/v2\/pages\/5997","targetHints":{"allow":["GET"]}}],"collection":[{"href":"https:\/\/www.greensurance.de\/einkaufsratgeber\/wp-json\/wp\/v2\/pages"}],"about":[{"href":"https:\/\/www.greensurance.de\/einkaufsratgeber\/wp-json\/wp\/v2\/types\/page"}],"author":[{"embeddable":true,"href":"https:\/\/www.greensurance.de\/einkaufsratgeber\/wp-json\/wp\/v2\/users\/1"}],"replies":[{"embeddable":true,"href":"https:\/\/www.greensurance.de\/einkaufsratgeber\/wp-json\/wp\/v2\/comments?post=5997"}],"version-history":[{"count":1,"href":"https:\/\/www.greensurance.de\/einkaufsratgeber\/wp-json\/wp\/v2\/pages\/5997\/revisions"}],"predecessor-version":[{"id":7459,"href":"https:\/\/www.greensurance.de\/einkaufsratgeber\/wp-json\/wp\/v2\/pages\/5997\/revisions\/7459"}],"wp:attachment":[{"href":"https:\/\/www.greensurance.de\/einkaufsratgeber\/wp-json\/wp\/v2\/media?parent=5997"}],"curies":[{"name":"wp","href":"https:\/\/api.w.org\/{rel}","templated":true}]}}