{"id":6013,"date":"2017-03-31T11:45:30","date_gmt":"2017-03-31T09:45:30","guid":{"rendered":"http:\/\/greensurance.qfact.info\/?page_id=6013"},"modified":"2017-07-13T12:14:18","modified_gmt":"2017-07-13T10:14:18","slug":"finanzen","status":"publish","type":"page","link":"https:\/\/www.greensurance.de\/einkaufsratgeber\/oeko-und-bio-siegel\/finanzen\/","title":{"rendered":"Finanzen"},"content":{"rendered":"<div class=\"wpb-content-wrapper\"><p>[vc_row margin_bottom=&#8220;50px&#8220;][vc_column][ultimate_heading main_heading=&#8220;Finanzen&#8220; heading_tag=&#8220;h1&#8243; alignment=&#8220;left&#8220; main_heading_font_family=&#8220;font_family:|font_call:&#8220; sub_heading_font_family=&#8220;font_family:Indie Flower|font_call:Indie+Flower&#8220;][\/ultimate_heading][\/vc_column][\/vc_row][vc_row type=&#8220;vc_default&#8220; equal_height=&#8220;yes&#8220; css=&#8220;.vc_custom_1496043044036{margin-bottom: 40px !important;}&#8220;][vc_column][vc_column_text css=&#8220;.vc_custom_1496907508767{margin-top: 0px !important;margin-bottom: 0px !important;padding-top: 2% !important;padding-bottom: 2% !important;}&#8220;]<\/p>\n<h2>Nachhaltige Geldanlagen<\/h2>\n<p>Der Begriff \u00bbNachhaltige Geldanlagen\u00ab bezeichnet verantwortliches, nachhaltiges, ethisches, soziales und \u00f6kologisches Investment sowie alle anderen Anlageprozesse, die in ihre Finanzanalyse den Einfluss von <strong>ESG-Kriterien<\/strong> (Umwelt-, Sozial- und Unternehmensf\u00fchrungs-Kriterien) einbeziehen.<\/p>\n<p>F\u00fcr Geldanlagen mit \u00f6kologischen, ethischen, sozialen Aspekten gibt es eine Vielzahl von Bezeichnungen:<br \/>\nGr\u00fcnes Geld, Green Money, Social Investment, Ethische Geldanlage, Ethisches Investment, Sustainable Investments.<\/p>\n<blockquote><p>Nachhaltige Geldanlagen erg\u00e4nzen die klassischen Kriterien der Rentabilit\u00e4t, Liquidit\u00e4t und Sicherheit<br \/>\num \u00f6kologische, soziale und ethische Bewertungspunkte.<\/p>\n<p><cite><a class=\"linkextern\" href=\"http:\/\/www.forum-ng.org\/\" target=\"_blank\" rel=\"noopener noreferrer\">Forum nachhaltige Geldanlagen e.V. (FNG)<\/a><\/cite><\/p><\/blockquote>\n<p>[\/vc_column_text][\/vc_column][\/vc_row][vc_row type=&#8220;vc_default&#8220; margin_bottom=&#8220;0px&#8220; css=&#8220;.vc_custom_1495185688120{margin-bottom: 0px !important;}&#8220; min_height=&#8220;400px&#8220;][vc_column width=&#8220;1\/2&#8243; css=&#8220;.vc_custom_1495185233885{padding-top: 0px !important;padding-right: 0px !important;padding-bottom: 0px !important;padding-left: 0px !important;background-color: #f8fbee !important;}&#8220;][vc_column_text css=&#8220;.vc_custom_1497260181670{padding-top: 3% !important;padding-right: 0px !important;padding-bottom: 3% !important;padding-left: 3% !important;}&#8220;]<\/p>\n<div class=\"box_whitelight\">\n<h2>M\u00f6gliche Anlageformen nachhaltiger Geldanlagen<\/h2>\n<p>Im Bereich nachhaltiger Geldanlagen stehen Ihnen praktisch alle g\u00e4ngigen Finanzprodukte zur Verf\u00fcgung.<\/p>\n<p>Diese sind beispielsweise: Aktien, Anleihen, Betriebliche Altersvorsorge-produkte, Festgelder, Geschlossene Fonds, Investmentfonds, Lebens-versicherungen, Private Altersvorsorgeprodukte, Rentenpapiere, Sparkonten und Zertifikate.<\/p>\n<p>Bez\u00fcglich nachhaltiger Geldanlagen wird zwischen verschiedenen Anlageprozessen unterschieden:<strong><br \/>\n<\/strong><\/p>\n<\/div>\n<p>[\/vc_column_text][\/vc_column][vc_column width=&#8220;1\/2&#8243; css=&#8220;.vc_custom_1497260289461{margin-left: 0px !important;padding-left: 0px !important;}&#8220;][vc_single_image image=&#8220;1706&#8243; img_size=&#8220;602&#215;330&#8243; alignment=&#8220;right&#8220;][\/vc_column][\/vc_row][vc_row type=&#8220;vc_default&#8220; margin_bottom=&#8220;0px&#8220; css=&#8220;.vc_custom_1495185688120{margin-bottom: 0px !important;}&#8220; min_height=&#8220;400px&#8220;][vc_column css=&#8220;.vc_custom_1497454406242{background-color: #f8fbee !important;}&#8220;][vc_column_text]<\/p>\n<h2>Positive Anlagekriterien<\/h2>\n<p>Die Anlagestrategie Positive Anlagekriterien \u2013 auch positives Screening genannt \u2013 umfasst die Auswahl von Unternehmen, welche die in der Anlagepolitik festgelegten Anforderungen hinsichtlich bestimmter \u00f6kologischer, ethischer Aspekte wie auch Aspekte guter Unternehmensf\u00fchrung (Governance) besonders gut erf\u00fcllen.[\/vc_column_text][\/vc_column][vc_column width=&#8220;1\/2&#8243;][vc_column_text css=&#8220;.vc_custom_1497454458632{padding-top: 3% !important;padding-right: 3% !important;padding-bottom: 3% !important;padding-left: 3% !important;}&#8220;]<\/p>\n<h3>Positive Anlagekriterien<\/h3>\n<p>[\/vc_column_text][info_list style=&#8220;circle with_bg&#8220; icon_bg_color=&#8220;#afcb04&#8243; icon_color=&#8220;#ffffff&#8220; font_size_icon=&#8220;24&#8243; connector_color=&#8220;rgba(201,201,201,0.01)&#8220;][info_list_item list_title=&#8220;Grunds\u00e4tze vorsichtiger Unternehmensf\u00fchrung&#8220; list_icon=&#8220;Defaults-check&#8220; animation=&#8220;swing&#8220;][\/info_list_item][info_list_item list_title=&#8220;Berichterstattung zu \u00f6kologischen Aspekten der Gesch\u00e4ftst\u00e4tigkeit (z.B. Global Reporting Initiative)&#8220; list_icon=&#8220;Defaults-check&#8220; animation=&#8220;swing&#8220;][\/info_list_item][info_list_item list_title=&#8220;Berichterstattung zu sozialen Belangen der Gesch\u00e4ftst\u00e4tigkeit&#8220; list_icon=&#8220;Defaults-check&#8220; animation=&#8220;swing&#8220;][\/info_list_item][\/info_list][\/vc_column][vc_column width=&#8220;1\/2&#8243;][vc_empty_space height=&#8220;100px&#8220;][info_list style=&#8220;circle with_bg&#8220; icon_bg_color=&#8220;#afcb04&#8243; icon_color=&#8220;#ffffff&#8220; font_size_icon=&#8220;24&#8243; connector_color=&#8220;rgba(247,247,255,0.01)&#8220;][info_list_item list_title=&#8220;Ver\u00f6ffentlichung von Vorstandsgeh\u00e4ltern&#8220; list_icon=&#8220;Defaults-check&#8220; animation=&#8220;swing&#8220;][\/info_list_item][info_list_item list_title=&#8220;Berichterstattung zu CSR-Zielen&#8220; list_icon=&#8220;Defaults-check&#8220; animation=&#8220;swing&#8220;][\/info_list_item][info_list_item list_title=&#8220;Leitbild zur verantwortlichen Unternehmensf\u00fchrung&#8220; list_icon=&#8220;Defaults-check&#8220; animation=&#8220;swing&#8220;][\/info_list_item][\/info_list][\/vc_column][vc_column][vc_column_text]Hierzu geh\u00f6ren auch Themenfonds. Themenspezifische Fonds beziehen sich auf einen Sektor. G\u00e4ngige Branchen f\u00fcr Themenfonds sind: Gr\u00fcne Immobilien, Erneuerbare Energien \/Energieeffizienz, Nachhaltige Rohstoffe (Wald, Agrar, Wasser etc.), Mikrofinanzierung, Investitionen in soziale Projekte, Kultur, Bildung.<\/p>\n<p>&nbsp;<\/p>\n<h4>Best-In-Class<\/h4>\n<p>Best-In-Class ist eine positive Anlagestrategie, nach der die Unternehmen ausgew\u00e4hlt werden, die im Branchenvergleich in \u00f6kologischer, sozialer und ethischer Hinsicht die h\u00f6chsten Standards setzen bzw. besser abschneiden als ihre Mitkonkurrenten innerhalb eines Industriesektors (Branchenleader-Ansatz).<\/p>\n<h2><\/h2>\n<h2>Negative Anlagekriterien<\/h2>\n<p>Negative Anlagekriterien \u2013 auch Ausschlusskriterien oder negatives Screening genannt \u2013 ist eine Anlagestrategie, die Branchen, Unternehmen oder auch Staaten aus dem Investmentuniversum ausschlie\u00dft die bestimmte soziale, \u00f6kologische und Governance Kriterien nicht erf\u00fcllen, den ethischen Anspr\u00fcchen der Gesch\u00e4ftspolitik nicht entsprechen oder gegen internationale Normen und Standards versto\u00dfen, wie sie von OECD, ILO, UN und anderen definiert werden.<\/p>\n<p>Ausschlusskriterien, die auf die Entscheidung aufgrund der eigenen Werte basieren (Wertbasierte Ausschlusskriterien), sind beispielsweise:[\/vc_column_text][\/vc_column][vc_column width=&#8220;1\/3&#8243;][vc_column_text]<\/p>\n<h3>Umwelt<\/h3>\n<ul class=\"qf_list\">\n<li>Kernenergie<\/li>\n<li>Chlor- und Agrochemie<\/li>\n<li>Genmanipulation<\/li>\n<li>Biozide<\/li>\n<li>Kontroverses Umweltverhalten<\/li>\n<\/ul>\n<p>[\/vc_column_text][\/vc_column][vc_column width=&#8220;1\/3&#8243;][vc_column_text]<\/p>\n<h3>Soziales<\/h3>\n<ul class=\"qf_list\">\n<li>R\u00fcstungsg\u00fcter<\/li>\n<li>Alkohol<\/li>\n<li>Tabak<\/li>\n<li>Gl\u00fcckspiel<\/li>\n<li>Tierversuche<\/li>\n<li>Ausbeuterische Kinderarbeit<\/li>\n<li>Pornographie<\/li>\n<\/ul>\n<p>[\/vc_column_text][\/vc_column][vc_column width=&#8220;1\/3&#8243;][vc_column_text]<\/p>\n<h3>\u00d6konomie<\/h3>\n<ul class=\"qf_list\">\n<li>Systematische Lobbyarbeit<br \/>\ngegen\u00fcber \u00f6ffentlichen<br \/>\nInstitutionen mit dem Ziel<br \/>\nCSR-Standards abzusenken<\/li>\n<li>Wiederholte \/ systematische Korruption<\/li>\n<\/ul>\n<p>[\/vc_column_text][\/vc_column][vc_column][vc_column_text]Diese und weitere Informationen zu nachaltigen Geldanlagen finden Sie unter\u00a0<img loading=\"lazy\" decoding=\"async\" class=\"alignnone wp-image-4266 size-full\" src=\"https:\/\/www.greensurance.de\/einkaufsratgeber\/wp-content\/uploads\/sites\/4\/2017\/01\/pfeil_welt.png\" alt=\"\" width=\"12\" height=\"15\" \/><a class=\"linkextern\" href=\"http:\/\/www.forum-ng.org\/\" target=\"_blank\" rel=\"noopener noreferrer\">Forum Nachhaltige Geldanlagen e.V. (FNG)<\/a>.<\/p>\n<div><\/div>\n<p>[\/vc_column_text][vc_column_text]<strong>Das Europ\u00e4ische Transparenzlogo \u2212\u00a0<\/strong><strong>Forum Nachhaltige Geldanlagen e.V. (FNG)<\/strong><\/p>\n<p><img loading=\"lazy\" decoding=\"async\" class=\"alignleft wp-image-1728 size-full\" src=\"https:\/\/www.greensurance.de\/einkaufsratgeber\/wp-content\/uploads\/sites\/4\/2012\/10\/logo_bunt_klein.jpg\" alt=\"logo bunt_klein\" width=\"195\" height=\"120\" \/>Seit dem Jahr 2008 sorgt das Europ\u00e4ische <a class=\"glossarylink modal\" title=\"Begriff erkl\u00e4ren\" href=\"http:\/\/blue2016rc1.greensurance.de\/component\/mfglossary\/begriff\/145.html?tmpl=componentpopupglossar\" rel=\"{handler: 'iframe', size: {x: 530, y: 540}}\">Transparenzlogo<\/a> f\u00fcr nachhaltige Publikumsfonds f\u00fcr mehr Transparenz im nachhaltigen Anlagemarkt. Das Transparenzlogo wurde vom Europ\u00e4ischen Dachverband f\u00fcr nachhaltige Geldanlagen Eurosif in Zusammenarbeit mit den nationalen Verb\u00e4nden entwickelt. In Deutschland, \u00d6sterreich und der Schweiz vergibt das Forum Nachhaltige Geldanlagen e.V. (FNG) das Transparenzlogo f\u00fcr nachhaltige Publikumsfonds.<\/p>\n<p>Das Transparenzlogo basiert auf dem Europ\u00e4ischen Transparenz Kodex. Der Transparenzkodex und das Transparenzlogo helfen, die Investmentstrategie eines Fonds sowohl f\u00fcr die breite \u00d6ffentlichkeit als auch f\u00fcr Finanzberater, Rating-Agenturen, etc. nachvollziehbarer zu machen.<\/p>\n<p><strong><img loading=\"lazy\" decoding=\"async\" class=\"alignright wp-image-6190 size-full\" src=\"https:\/\/www.greensurance.de\/einkaufsratgeber\/wp-content\/uploads\/sites\/4\/2017\/03\/zeichensetzen_button_small.png\" alt=\"\" width=\"72\" height=\"63\" \/>Greensurance\u00ae-Meinung:<\/strong> Das Europ\u00e4ische Transparenzlogo garantiert Ihnen die offen gelegte Anlagepolitik der jeweiligen Finanzprodukte. Nutzen Sie Ihre Wahlfreiheit und fordern Sie das Transparenzlogo ein.[\/vc_column_text][vc_toggle title=&#8220;Mehr Infos Anzeigen&#8220; el_id=&#8220;1496910026497-d60109ac-9aa6&#8243; css=&#8220;.vc_custom_1497454864699{margin-bottom: 5% !important;padding-top: 2px !important;padding-right: 15px !important;padding-bottom: 2px !important;background-color: #f8fbee !important;}&#8220;]<\/p>\n<h2>Vergabekriterien des Europ\u00e4ischen Transparenzlogos<\/h2>\n<p><strong>Die Grunds\u00e4tze lauten:<\/strong><\/p>\n<ul class=\"qf_list\">\n<li>Qualit\u00e4tssicherung durch Transparenz<\/li>\n<li>Anleger sollen wissen, worin sie investieren<\/li>\n<li>Erhaltung des vielf\u00e4ltigen Spektrums Nachhaltiger Geldanlagen<\/li>\n<li>Keine Vorgabe ethischer Standards<\/li>\n<li>Keine Vorgaben zum Portfolio<\/li>\n<\/ul>\n<p>Das Transparenzlogo basiert auf dem <strong>Europ\u00e4ischen Transparenz Kodex<\/strong>:<br \/>\nDie Unterzeichner des Kodex verpflichten sich, offen, aktuell und angemessen Informationen \u00fcber ihre Anlagepolitik bereitzustellen. Dazu wird ein Fragenkatalog mit 35 Fragen abgefragt.<\/p>\n<p><strong>Unterzeichner des Europ\u00e4ischen Transparenz Kodex m\u00fcssen sich f\u00fcr folgende Prinzipien verpflichten:<\/strong><\/p>\n<ol>\n<li>Die Antworten sollen informativ, klar und verst\u00e4ndlich formuliert sein. Grunds\u00e4tzlich sollen die erforderlichen Informationen (Instrumente und Methoden) so detailliert wie m\u00f6glich dargestellt werden.<\/li>\n<li>Die Fonds sollen die Daten in der W\u00e4hrung bereitstellen, die sie auch f\u00fcr andere Berichterstattungszwecke verwenden.<\/li>\n<li>Die Gr\u00fcnde, die eine Informationsbereitstellung verhindern, m\u00fcssen klar dargestellt werden. Unterzeichner sollen systematisch darlegen, ob und bis wann sie hoffen, die Fragen beantworten zu k\u00f6nnen, die sie zu dem Zeitpunkt des Ausf\u00fcllens des Transparenz Kodex nicht beantworten konnten.<\/li>\n<li>Die Antworten m\u00fcssen mindestens j\u00e4hrlich aktualisiert werden und das Datum der letzten Aktualisierung tragen.<\/li>\n<li>Die Antworten zu dem Transparenz Kodex m\u00fcssen leicht zug\u00e4nglich auf der Webseite des Fonds bzw. Fondsmanagers stehen. In jedem Fall m\u00fcssen die Unterzeichner sehr klar machen, wo die Informationen zu finden sind, welche vom Transparenz Kodex gefordert werden.<\/li>\n<li>Die Reihenfolge und genaue Wortwahl der Fragen sollte beachtet werden.<\/li>\n<li>Die Unterzeichner sind f\u00fcr die Antworten verantwortlich.<\/li>\n<\/ol>\n<p>&nbsp;<\/p>\n<p><strong>Zur Webseite des<\/strong> <b><a href=\"http:\/\/www.forum-ng.org\/\">Forum Nachhaltige Geldanlagen e.V. (FNG)<\/a><\/b>.[\/vc_toggle][\/vc_column][\/vc_row]<\/p>\n<\/div>","protected":false},"excerpt":{"rendered":"<p>[vc_row margin_bottom=&#8220;50px&#8220;][vc_column][ultimate_heading main_heading=&#8220;Finanzen&#8220; heading_tag=&#8220;h1&#8243; alignment=&#8220;left&#8220; main_heading_font_family=&#8220;font_family:|font_call:&#8220; sub_heading_font_family=&#8220;font_family:Indie Flower|font_call:Indie+Flower&#8220;][\/ultimate_heading][\/vc_column][\/vc_row][vc_row type=&#8220;vc_default&#8220; equal_height=&#8220;yes&#8220; css=&#8220;.vc_custom_1496043044036{margin-bottom: 40px !important;}&#8220;][vc_column][vc_column_text css=&#8220;.vc_custom_1496907508767{margin-top: 0px !important;margin-bottom: 0px !important;padding-top: 2% !important;padding-bottom: 2% !important;}&#8220;] Nachhaltige Geldanlagen Der Begriff \u00bbNachhaltige Geldanlagen\u00ab bezeichnet verantwortliches, nachhaltiges, ethisches, soziales und \u00f6kologisches Investment sowie alle anderen Anlageprozesse, die in ihre Finanzanalyse den Einfluss von ESG-Kriterien (Umwelt-, Sozial- und Unternehmensf\u00fchrungs-Kriterien) einbeziehen. F\u00fcr Geldanlagen&hellip;<\/p>\n","protected":false},"author":1,"featured_media":0,"parent":5997,"menu_order":0,"comment_status":"closed","ping_status":"closed","template":"","meta":{"footnotes":""},"class_list":["post-6013","page","type-page","status-publish","hentry","description-off"],"_links":{"self":[{"href":"https:\/\/www.greensurance.de\/einkaufsratgeber\/wp-json\/wp\/v2\/pages\/6013","targetHints":{"allow":["GET"]}}],"collection":[{"href":"https:\/\/www.greensurance.de\/einkaufsratgeber\/wp-json\/wp\/v2\/pages"}],"about":[{"href":"https:\/\/www.greensurance.de\/einkaufsratgeber\/wp-json\/wp\/v2\/types\/page"}],"author":[{"embeddable":true,"href":"https:\/\/www.greensurance.de\/einkaufsratgeber\/wp-json\/wp\/v2\/users\/1"}],"replies":[{"embeddable":true,"href":"https:\/\/www.greensurance.de\/einkaufsratgeber\/wp-json\/wp\/v2\/comments?post=6013"}],"version-history":[{"count":1,"href":"https:\/\/www.greensurance.de\/einkaufsratgeber\/wp-json\/wp\/v2\/pages\/6013\/revisions"}],"predecessor-version":[{"id":7380,"href":"https:\/\/www.greensurance.de\/einkaufsratgeber\/wp-json\/wp\/v2\/pages\/6013\/revisions\/7380"}],"up":[{"embeddable":true,"href":"https:\/\/www.greensurance.de\/einkaufsratgeber\/wp-json\/wp\/v2\/pages\/5997"}],"wp:attachment":[{"href":"https:\/\/www.greensurance.de\/einkaufsratgeber\/wp-json\/wp\/v2\/media?parent=6013"}],"curies":[{"name":"wp","href":"https:\/\/api.w.org\/{rel}","templated":true}]}}