{"id":6015,"date":"2017-03-31T11:46:03","date_gmt":"2017-03-31T09:46:03","guid":{"rendered":"http:\/\/greensurance.qfact.info\/?page_id=6015"},"modified":"2017-07-06T12:28:54","modified_gmt":"2017-07-06T10:28:54","slug":"vorsicht-greenwashing","status":"publish","type":"page","link":"https:\/\/www.greensurance.de\/einkaufsratgeber\/vorsicht-greenwashing\/","title":{"rendered":"Vorsicht! \u00bbGreenwashing\u00ab"},"content":{"rendered":"<div class=\"wpb-content-wrapper\"><p>[vc_row][vc_column css=&#8220;.vc_custom_1491927192616{padding-bottom: 5% !important;}&#8220;][ultimate_heading main_heading=&#8220;Vorsicht! \u00bbGreenwashing\u00ab&#8220; heading_tag=&#8220;h1&#8243; alignment=&#8220;left&#8220;][\/ultimate_heading][\/vc_column][\/vc_row][vc_row type=&#8220;2&#8243; equal_height=&#8220;yes&#8220; margin_bottom=&#8220;20px&#8220; css=&#8220;.vc_custom_1491925064011{margin-bottom: 20px !important;}&#8220;][vc_column][vc_row_inner css=&#8220;.vc_custom_1495628899488{padding-top: 0px !important;padding-right: 0px !important;padding-bottom: 0px !important;padding-left: 0px !important;}&#8220;][vc_column_inner width=&#8220;1\/2&#8243; css=&#8220;.vc_custom_1495629226763{padding-top: 0px !important;padding-right: 0px !important;padding-bottom: 0px !important;padding-left: 0px !important;}&#8220;][vc_single_image image=&#8220;6424&#8243; img_size=&#8220;576&#215;430&#8243; css=&#8220;.vc_custom_1499334962415{padding-top: 0px !important;padding-right: 0px !important;padding-bottom: 0px !important;padding-left: 21px !important;}&#8220;][\/vc_column_inner][vc_column_inner width=&#8220;1\/2&#8243; css=&#8220;.vc_custom_1495628889828{padding-top: 0px !important;padding-right: 0px !important;padding-bottom: 0px !important;padding-left: 0px !important;background-color: #f8fbee !important;}&#8220;][vc_column_text css=&#8220;.vc_custom_1499334990172{padding-top: 3% !important;padding-right: 3% !important;padding-bottom: 3% !important;padding-left: 3% !important;}&#8220;]<\/p>\n<h3>Nicht \u00fcberall, wo \u00bbGr\u00fcn\u00ab draufsteht, ist auch \u00bbGr\u00fcn\u00ab drin.<\/h3>\n<p>Allzu oft nutzen Unternehmen die Gr\u00fcne Welle lediglich als Marketing- instrument.\u00a0F\u00fcr mehr Umsatz f\u00e4rben sich viele Firmen \u00bbGr\u00fcn\u00ab und umweltbewusst. <strong>Sind es aber nicht.<\/strong><\/p>\n<p>Die Unternehmen pr\u00e4sentieren sich und ihre Produkte als sehr vorbildlich, umwelt-freundlich und engagiert. Allerdings betreiben die Hersteller den gepriesenen Umwelt- und Klimaschutz nicht so konsequent, wie es in der \u00d6ffentlichkeit dargestellt wird. Sie waschen sich gr\u00fcn. Sie betreiben\u00a0\u00bb<a class=\"glossarylink modal\" title=\"Begriff erkl\u00e4ren\" href=\"http:\/\/www.greensurance.de\/glossar\/greenwashing\/\" target=\"_blank\" rel=\"{handler: 'iframe', size: {x: 530, y: 540}} noopener\">Greenwashing<\/a>\u00ab.<\/p>\n<p>Meist kosten diese vermeindlich umweltfreundlichen Produkte insbesondere durch die aufw\u00e4ndige Bewerbung mehr, obwohl sie kaum oder keinen biologischen Mehrwert aufweisen.[\/vc_column_text][\/vc_column_inner][\/vc_row_inner][\/vc_column][\/vc_row][vc_row][vc_column width=&#8220;1\/2&#8243; css=&#8220;.vc_custom_1495628822881{padding-top: 0px !important;padding-right: 0px !important;padding-bottom: 0px !important;padding-left: 0px !important;}&#8220;][vc_column_text css=&#8220;.vc_custom_1496235728079{padding-right: 3% !important;padding-bottom: 3% !important;padding-left: 3% !important;}&#8220;]<\/p>\n<h3>\u00bbGreenwashing\u00ab-Liste<\/h3>\n<p>Im Folgenden sind ausgew\u00e4hlte Beispiele dargestellt, die verschiedene Formen des \u00bbGreenwashing\u00ab beschreiben.<\/p>\n<p>Neben gro\u00dfen Konzernen, die sich einen gr\u00fcnen Mantel umlegen, sind es oft allt\u00e4gliche Begriffe und feine Unterschiede in der Produktbeschreibung. Dennoch stellen sie wichtige Hinweise auf die Produktqualit\u00e4t dar.<\/p>\n<p>Lassen Sie sich von der auff\u00e4lligen Werbung nicht t\u00e4uschen.<\/p>\n<p>\u00dcberpr\u00fcfen Sie die angepriesenen Produkte kritisch.<\/p>\n<p>Unterscheiden Sie Plagiate von echtem BIO.<\/p>\n<p><strong>Geben Sie Ihr Geld nicht umsonst aus.<\/strong>[\/vc_column_text][\/vc_column][vc_column width=&#8220;1\/2&#8243;][vc_single_image image=&#8220;6539&#8243; img_size=&#8220;full&#8220; alignment=&#8220;center&#8220;][\/vc_column][\/vc_row][vc_row][vc_column][vc_tta_accordion shape=&#8220;square&#8220; active_section=&#8220;&#8220; collapsible_all=&#8220;true&#8220; title=&#8220;Achten Sie bewusst auf Beispiele wie diese:&#8220;][vc_tta_section title=&#8220;Die gl\u00fcckliche Kuh&#8220; tab_id=&#8220;1485534906026-b1f08379-6a37&#8243;][vc_row_inner][vc_column_inner width=&#8220;3\/4&#8243;][vc_column_text]<strong>Gl\u00fcckliche K\u00fche auf gr\u00fcnen Wiesen?\u00a0Ansprechende Werbung<\/strong><\/p>\n<p>Bilder wie diese finden Sie sehr h\u00e4ufig auf Verpackungen von Milch, K\u00e4se und Co. Oder Sie lesen Begriffe wie \u00bbumweltschonend\u00ab\u00a0und \u00bbnat\u00fcr-lich\u00ab.\u00a0Aber was steckt dahinter?<\/p>\n<p>Diese Begriffe besitzen <strong>keinerlei Aussagekraft<\/strong>. Sie entbehren jeglicher gesetzlicher Grundlage. Daher kann jeder sie zu Werbezwecken nutzen. Diese Produkte stammen aus herk\u00f6mmlicher konventioneller Landwirtschaft &#8211; <strong>nicht<\/strong>\u00a0wie eventuell angedeutet aus biologischer Landwirtschaft.<\/p>\n<p>Nur wenn Sie auf der Verpackung einen der gesetzlich gesch\u00fctzten Begriffe wie \u00bbBio\u00ab oder \u00bbaus kontrolliert biologischem Anbau\u00ab lesen, handelt es sich tats\u00e4chlich um\u00a0\u00f6kologisch erwirtschaftete Milch. Hier finden Sie alle<br \/>\n<a class=\"linkintern\" href=\"\/oeko-und-bio-siegel\/lebensmittel\/\">gesetzlich gesch\u00fctzten Begriffe<\/a>.[\/vc_column_text][\/vc_column_inner][vc_column_inner width=&#8220;1\/4&#8243; css=&#8220;.vc_custom_1492512629443{padding-top: 5% !important;}&#8220;][vc_single_image image=&#8220;1718&#8243; img_size=&#8220;256&#215;254&#8243; alignment=&#8220;right&#8220; css=&#8220;.vc_custom_1497259513472{padding-top: 30px !important;}&#8220;][\/vc_column_inner][vc_column_inner][vc_column_text]Unterst\u00fctzen Sie eine artgerechte Haltung der Tiere und sch\u00fctzen die Umwelt,\u00a0indem Sie \u00bbechte\u00ab Bio-Produkte kaufen.<\/p>\n<p><strong>Lassen Sie sich von der Werbung nicht t\u00e4uschen!<\/strong>[\/vc_column_text][\/vc_column_inner][\/vc_row_inner][\/vc_tta_section][vc_tta_section title=&#8220;\u00bbNat\u00fcrliches\u00ab Aroma&#8220; tab_id=&#8220;1485534683302-84af1a33-57f5&#8243;][vc_row_inner][vc_column_inner width=&#8220;3\/4&#8243;][vc_column_text]<strong>\u00bbNat\u00fcrliches\u00ab Aroma<\/strong><\/p>\n<div class=\"img_caption right\">Ein leckerer Erdbeerjoghurt mit Erdbeergeschmack? Ein Blick in die Zutatenliste zeigt, dass der Joghurt \u00bbnat\u00fcrliches Aroma\u00ab enth\u00e4lt.<\/div>\n<p>Was ist an den sogenannten \u00bbnat\u00fcrlichen Aromen\u00ab nat\u00fcrlich?<\/p>\n<p>Nat\u00fcrliches Erdbeeraroma wird mittels mikrobieller Verfahren aus S\u00e4gemehl hergestellt.\u00a0<strong>Nat\u00fcrliches Erdbeeraroma aus S\u00e4gemehl<\/strong> \u2212 nicht aus knackigen, frischen Erdbeeren?<\/p>\n<p>Ja. Denn S\u00e4gemehl entstammt dem nat\u00fcrlichen Ausgangsstoff Holz. Deshalb ist die Bezeichnung \u00bbnat\u00fcrliches Aroma\u00ab offiziell erlaubt.<\/p>\n<p>S\u00e4gemehl hat allerdings mit unserer Vorstellung von \u00bbnat\u00fcrlichem Erdbeer-aroma\u00ab nichts zu tun. Wenn Sie echte nat\u00fcrliche Produkte w\u00fcnschen, w\u00e4hlen Sie m\u00f6glichst wenig verarbeitete Produkte wie Naturjoghurt und mixen Sie sich mit frischen Erdbeeren Ihr eigenes Erdbeerjoghurt. Und achten Sie auf ein Siegel der \u00d6ko-Anbauverb\u00e4nde.<\/p>\n<p>[\/vc_column_text][\/vc_column_inner][vc_column_inner width=&#8220;1\/4&#8243; css=&#8220;.vc_custom_1492512642028{padding-top: 5% !important;}&#8220;][vc_single_image image=&#8220;1719&#8243; img_size=&#8220;full&#8220; alignment=&#8220;right&#8220; css=&#8220;.vc_custom_1497259564211{padding-top: 30px !important;}&#8220;][\/vc_column_inner][vc_column_inner][vc_column_text]\u00d6ko-Anbauverb\u00e4nde wie Demeter begrenzen oder verbieten den Einsatz \u00bbnat\u00fcrlicher\u00ab Aromen. EU-Bio-Produkte hingegen d\u00fcrfen uneingeschr\u00e4nkt nat\u00fcrliche Aromen enthalten. Detaillierte Informationen zu den Kriterien dieser Bio-Siegel finden Sie in der Rubrik <a class=\"linkintern\" title=\"Zum Siegel-Ratger f\u00fcr Lebensmittel\" href=\"\/oeko-und-bio-siegel\/lebensmittel\/\">Lebensmittel<\/a>.<\/p>\n<p><strong>Bevorzugen Sie wenig verarbeitete Lebensmittel!<br \/>\nOhne zugesetzte Aromen.<\/strong>[\/vc_column_text][\/vc_column_inner][\/vc_row_inner][\/vc_tta_section][vc_tta_section title=&#8220;Fake-Siegel der Nachhaltigkeit&#8220; tab_id=&#8220;1485534683400-12a57df6-a436&#8243;][vc_row_inner][vc_column_inner width=&#8220;3\/4&#8243;][vc_column_text]<strong>Vielf\u00e4ltigste private Siegel<\/strong>\u00a0<strong>\u00fcber angeblich besondere\u00a0Produktqualit\u00e4t<\/strong><\/p>\n<div class=\"img_caption left\"><\/div>\n<p>Dieses Siegel mit dem Siegeltext \u00bbGetreide aus kontrolliertem Vertragsanbau\u00ab ist ein Fake-Siegel. Reines Greenwashing. Der Kunde, der das Siegel auf einem Lebensmittel entdeckt, vermutet eine besondere Produktqualit\u00e4t.<\/p>\n<p>Hier wird suggeriert, dass besonders qualitatives Getreide verarbeitet wurde \u2212 eventuell sogar aus vermeintlichem \u00bbkontrolliert biologischem Landbau\u00ab. Das ist allerdings nicht der Fall.<\/p>\n<p>[\/vc_column_text][\/vc_column_inner][vc_column_inner width=&#8220;1\/4&#8243;][vc_single_image image=&#8220;1720&#8243; img_size=&#8220;full&#8220; alignment=&#8220;right&#8220; css=&#8220;.vc_custom_1497259268575{padding-top: 32px !important;}&#8220;][\/vc_column_inner][vc_column_inner][vc_column_text]<strong>Kontrolliert wird jeder Vertragsanbau.<\/strong><\/p>\n<p>Es handelt sich um keine besondere Qualit\u00e4t, sondern um konventionelle Landwirtschaft.\u00a0F\u00fcr eine tats\u00e4chliche Bio-Qualit\u00e4t achten Sie auf den genauen Wortlaut. F\u00fcr Bio-Lebensmittel gelten\u00a0<a class=\"linkintern\" href=\"\/oeko-und-bio-siegel\/lebensmittel\/\">gesetzlich gesch\u00fctzte Begriffe<\/a>.<\/p>\n<p>Begegnen Sie der heutigen Vielzahl an Siegeln mit gesundem Misstrauen. Informieren Sie sich \u00fcber die jeweiligen Siegel. Nutzen Sie Siegelratgeber.\u00a0Es gibt relativ wenige wirklich wichtige und strenge Bio-Siegel.<\/p>\n<p><strong>Kaufen Sie bewusst ein!<br \/>\n<\/strong><strong>Mit vertrauensw\u00fcrdigen Siegeln.<\/strong>[\/vc_column_text][\/vc_column_inner][\/vc_row_inner][\/vc_tta_section][vc_tta_section title=&#8220;\u00bbGr\u00fcner\u00ab Strom&#8220; tab_id=&#8220;1490967157816-57d31686-e60d&#8220;][vc_row_inner][vc_column_inner width=&#8220;3\/4&#8243;][vc_column_text]<\/p>\n<p style=\"text-align: left;\"><strong>Gr\u00fcner Strom\u00a0<\/strong><strong>&#8211; nachweislich durch RECS-Zertifikate<\/strong><\/p>\n<div class=\"img_caption left\" style=\"text-align: left;\">Mit der Einf\u00fchrung des RECS-Systems (engl. <em>Renewable Energy Certificate System<\/em>) wurde ein Zertifikatsystem f\u00fcr <a class=\"glossarylink modal\" title=\"Begriff erkl\u00e4ren\" href=\"http:\/\/blue2016rc1.greensurance.de\/component\/mfglossary\/begriff\/70.html?tmpl=componentpopupglossar\" rel=\"{handler: 'iframe', size: {x: 530, y: 540}}\">erneuerbare Energien<\/a> geschaffen. Seitdem wird mit Zertifikaten \u2212 den RECS-Zertifikaten \u2212 f\u00fcr sogenannten \u00bbGr\u00fcnen Strom\u00ab aus erneuerbaren Enerien gehandelt.<\/div>\n<p style=\"text-align: left;\">Durch RECS-Zertifikate unterst\u00fctze ich als Verbraucher also die Herstellung \u00bbechten\u00ab \u00d6kostroms?<br \/>\n<strong>Nein. Das ist nicht der Fall.<\/strong><\/p>\n<p>[\/vc_column_text][\/vc_column_inner][vc_column_inner width=&#8220;1\/4&#8243;][vc_single_image image=&#8220;1721&#8243; img_size=&#8220;full&#8220; alignment=&#8220;right&#8220; css=&#8220;.vc_custom_1497259332946{padding-top: 30px !important;}&#8220;][\/vc_column_inner][vc_column_inner][vc_column_text]<a class=\"glossarylink modal\" title=\"Begriff erkl\u00e4ren\" href=\"http:\/\/www.greensurance.de\/glossar\/recs-zertifikate\/\" rel=\"{handler: 'iframe', size: {x: 530, y: 540}}\">RECS-Zertifikate<\/a> erm\u00f6glichen die \u00bbUmettiketierung\u00ab von Atom- und Kohlestrom in Gr\u00fcnen Strom. Achten Sie daher bei der Auswahl eines \u00d6kostrom-Anbieters genau auf die Bedingungen der \u00d6kostrom-Herstellung.\u00a0Weitere Informationen finden Sie in der Rubrik <a class=\"linkintern\" href=\"\/oeko-und-bio-siegel\/technik-und-strom\/\">Technik und Strom<\/a>.<\/p>\n<p><strong>Sch\u00fctzen Sie die Umwelt mit echtem \u00d6kostrom!<br \/>\nVon zertifizierten Anbietern.<\/strong>[\/vc_column_text][\/vc_column_inner][\/vc_row_inner][\/vc_tta_section][\/vc_tta_accordion][\/vc_column][\/vc_row]<\/p>\n<\/div>","protected":false},"excerpt":{"rendered":"<p>[vc_row][vc_column css=&#8220;.vc_custom_1491927192616{padding-bottom: 5% !important;}&#8220;][ultimate_heading main_heading=&#8220;Vorsicht! \u00bbGreenwashing\u00ab&#8220; heading_tag=&#8220;h1&#8243; alignment=&#8220;left&#8220;][\/ultimate_heading][\/vc_column][\/vc_row][vc_row type=&#8220;2&#8243; equal_height=&#8220;yes&#8220; margin_bottom=&#8220;20px&#8220; css=&#8220;.vc_custom_1491925064011{margin-bottom: 20px !important;}&#8220;][vc_column][vc_row_inner css=&#8220;.vc_custom_1495628899488{padding-top: 0px !important;padding-right: 0px !important;padding-bottom: 0px !important;padding-left: 0px !important;}&#8220;][vc_column_inner width=&#8220;1\/2&#8243; css=&#8220;.vc_custom_1495629226763{padding-top: 0px !important;padding-right: 0px !important;padding-bottom: 0px !important;padding-left: 0px !important;}&#8220;][vc_single_image image=&#8220;6424&#8243; img_size=&#8220;576&#215;430&#8243; css=&#8220;.vc_custom_1499334962415{padding-top: 0px !important;padding-right: 0px !important;padding-bottom: 0px !important;padding-left: 21px !important;}&#8220;][\/vc_column_inner][vc_column_inner width=&#8220;1\/2&#8243; css=&#8220;.vc_custom_1495628889828{padding-top: 0px !important;padding-right: 0px !important;padding-bottom: 0px !important;padding-left: 0px !important;background-color: #f8fbee&hellip;<\/p>\n","protected":false},"author":1,"featured_media":0,"parent":0,"menu_order":0,"comment_status":"closed","ping_status":"closed","template":"","meta":{"footnotes":""},"class_list":["post-6015","page","type-page","status-publish","hentry","description-off"],"_links":{"self":[{"href":"https:\/\/www.greensurance.de\/einkaufsratgeber\/wp-json\/wp\/v2\/pages\/6015","targetHints":{"allow":["GET"]}}],"collection":[{"href":"https:\/\/www.greensurance.de\/einkaufsratgeber\/wp-json\/wp\/v2\/pages"}],"about":[{"href":"https:\/\/www.greensurance.de\/einkaufsratgeber\/wp-json\/wp\/v2\/types\/page"}],"author":[{"embeddable":true,"href":"https:\/\/www.greensurance.de\/einkaufsratgeber\/wp-json\/wp\/v2\/users\/1"}],"replies":[{"embeddable":true,"href":"https:\/\/www.greensurance.de\/einkaufsratgeber\/wp-json\/wp\/v2\/comments?post=6015"}],"version-history":[{"count":9,"href":"https:\/\/www.greensurance.de\/einkaufsratgeber\/wp-json\/wp\/v2\/pages\/6015\/revisions"}],"predecessor-version":[{"id":7318,"href":"https:\/\/www.greensurance.de\/einkaufsratgeber\/wp-json\/wp\/v2\/pages\/6015\/revisions\/7318"}],"wp:attachment":[{"href":"https:\/\/www.greensurance.de\/einkaufsratgeber\/wp-json\/wp\/v2\/media?parent=6015"}],"curies":[{"name":"wp","href":"https:\/\/api.w.org\/{rel}","templated":true}]}}