{"id":6019,"date":"2017-03-31T11:46:40","date_gmt":"2017-03-31T09:46:40","guid":{"rendered":"http:\/\/greensurance.qfact.info\/?page_id=6019"},"modified":"2017-07-14T11:26:13","modified_gmt":"2017-07-14T09:26:13","slug":"gut-informiert-ist-halb-gewonnen","status":"publish","type":"page","link":"https:\/\/www.greensurance.de\/einkaufsratgeber\/gut-informiert-ist-halb-gewonnen\/","title":{"rendered":"Gut informiert ist halb gewonnen"},"content":{"rendered":"<div class=\"wpb-content-wrapper\"><p>[vc_row][vc_column css=&#8220;.vc_custom_1491927192616{padding-bottom: 5% !important;}&#8220;][ultimate_heading main_heading=&#8220;Gut informiert ist halb gewonnen&#8220; heading_tag=&#8220;h1&#8243; alignment=&#8220;left&#8220;][\/ultimate_heading][\/vc_column][\/vc_row][vc_row type=&#8220;vc_default&#8220; equal_height=&#8220;yes&#8220; margin_bottom=&#8220;20px&#8220; css=&#8220;.vc_custom_1495627192749{margin-bottom: 20px !important;}&#8220;][vc_column][vc_row_inner css=&#8220;.vc_custom_1495628697803{padding-top: 0px !important;padding-right: 0px !important;padding-bottom: 0px !important;padding-left: 0px !important;}&#8220;][vc_column_inner width=&#8220;1\/2&#8243; css=&#8220;.vc_custom_1495623269542{padding-top: 0px !important;padding-right: 0px !important;padding-bottom: 0px !important;padding-left: 0px !important;}&#8220;][vc_single_image image=&#8220;6403&#8243; img_size=&#8220;605&#215;321&#8243; image_hovers=&#8220;false&#8220; css=&#8220;.vc_custom_1499336630080{padding-top: 0px !important;padding-right: 0px !important;padding-bottom: 0px !important;padding-left: 0px !important;}&#8220;][\/vc_column_inner][vc_column_inner width=&#8220;1\/2&#8243; css=&#8220;.vc_custom_1495623157157{padding-top: 0px !important;padding-right: 0px !important;padding-bottom: 0px !important;padding-left: 0px !important;background-color: #f8fbee !important;}&#8220;][vc_column_text css=&#8220;.vc_custom_1496234791572{padding-top: 3% !important;padding-right: 3% !important;padding-bottom: 3% !important;padding-left: 3% !important;}&#8220;]Die Berichterstattung \u00fcber \u00f6kologische Themen ist h\u00e4ufig kontrovers und uneinig. Informieren Sie sich ausreichend \u00fcber aktuelle Geschenisse.<\/p>\n<p>Mit dem Einkaufsratgeber unterst\u00fctzt Greensurance\u00ae Sie bei Ihrer Informationssuche. Denn derjenige, der auf dem aktuellen Stand der Dinge ist, l\u00e4sst sich durch Werbung nicht beirren und kann aktiv agieren.<\/p>\n<h3>Halten Sie sich auf dem Laufenden<\/h3>\n<p>Gehen Sie mit offenen Augen und Ohren durch die Welt und bleiben Sie stets aufmerksam.<strong>\u00a0<\/strong>[\/vc_column_text][\/vc_column_inner][\/vc_row_inner][\/vc_column][\/vc_row][vc_row][vc_column css=&#8220;.vc_custom_1499336703653{margin-right: 0px !important;margin-left: 0px !important;padding-right: 0px !important;padding-left: 0px !important;}&#8220;][vc_column_text css=&#8220;.vc_custom_1496234886753{padding-top: 0px !important;padding-right: 0px !important;padding-bottom: 0px !important;padding-left: 0px !important;}&#8220;]<\/p>\n<h2>Eine Auswahl der Vielzahl an Informationsm\u00f6glichkeiten &#8211; auch \u00fcber Lebensmittel hinaus:<\/h2>\n<p>[\/vc_column_text][vc_tta_accordion shape=&#8220;square&#8220; active_section=&#8220;&#8220; collapsible_all=&#8220;true&#8220; title=&#8220;Folgende Webseiten n\u00fctzen Ihnen, auf den aktuellen Stand der Dinge zu kommen und zu bleiben:&#8220;][vc_tta_section title=&#8220;Lebensmittel&#8220; tab_id=&#8220;lebensmittel&#8220;][vc_row_inner][vc_column_inner][bsf-info-box icon=&#8220;Defaults-info&#8220; icon_size=&#8220;32&#8243; icon_color=&#8220;#afcb04&#8243; icon_style=&#8220;circle&#8220; pos=&#8220;left&#8220;]Das staatliche Informationsportal \u00d6kolandbau.de bietet Ihnen Wissenswertes rund um die \u00f6kologische Landwirtschaft.<br \/>\n<a class=\"linkextern\" href=\"http:\/\/www.oekolandbau.de\/\" target=\"_blank\" rel=\"noopener noreferrer\">www.oekolandbau.de<\/a>[\/bsf-info-box][bsf-info-box icon=&#8220;Defaults-info&#8220; icon_size=&#8220;32&#8243; icon_color=&#8220;#afcb04&#8243; icon_style=&#8220;circle&#8220; pos=&#8220;left&#8220;]Der gemeinn\u00fctzige Verein foodwatch ist auf den Verbraucherschutz spezialisiert und bietet hilfreiche Tipps und Tricks, um nicht in die \u00bb<a class=\"glossarylink modal\" title=\"Begriff erkl\u00e4ren\" href=\"\/vorsicht-greenwashing\/\" rel=\"{handler: 'iframe', size: {x: 530, y: 540}}\">Greenwashing<\/a>\u00ab-Falle zu tappen.<br \/>\n<a class=\"linkextern\" href=\"http:\/\/www.foodwatch.de\/\" target=\"_blank\" rel=\"noopener noreferrer\">www.foodwatch.de<\/a>[\/bsf-info-box][bsf-info-box icon=&#8220;Defaults-info&#8220; icon_size=&#8220;32&#8243; icon_color=&#8220;#afcb04&#8243; icon_style=&#8220;circle&#8220; pos=&#8220;left&#8220;]Informationen zu veganen Produkten und der veganen Lebensweise finden Sie auf den Webseiten<br \/>\n<a class=\"linkextern\" href=\"http:\/\/www.albert-schweitzer-stiftung.de\/\" target=\"_blank\" rel=\"noopener noreferrer\">Albert Schweitzer Stiftung f\u00fcr unsere Mitwelt<\/a><br \/>\n<a class=\"linkextern\" href=\"http:\/\/www.animalfair.at\/\" target=\"_blank\" rel=\"noopener noreferrer\">animalfair<\/a><br \/>\n<a class=\"linkextern\" href=\"http:\/\/www.rezeptefuchs.de\/\" target=\"_blank\" rel=\"noopener noreferrer\">Rezeptefuchs<\/a>[\/bsf-info-box][bsf-info-box icon=&#8220;Defaults-info&#8220; icon_size=&#8220;32&#8243; icon_color=&#8220;#afcb04&#8243; icon_style=&#8220;circle&#8220; pos=&#8220;left&#8220;]Der gemeinn\u00fctzige Verein aid infodienst Ern\u00e4hrung, Landwirtschaft, Verbraucherschutz stellt Ihnen neueste Informationen aus Wissenschaft und Praxis verst\u00e4ndlich und ansprechend bereit:<br \/>\n<a class=\"linkextern\" href=\"http:\/\/www.aid.de\/\" target=\"_blank\" rel=\"noopener noreferrer\">www.aid.de<\/a>[\/bsf-info-box][bsf-info-box icon=&#8220;Defaults-info&#8220; icon_size=&#8220;32&#8243; icon_color=&#8220;#afcb04&#8243; icon_style=&#8220;circle&#8220; pos=&#8220;left&#8220;]Die kostenlose Zeitschrift Schrot &amp; Korn, die\u00a0in jedem Bio-Laden ausliegt, bietet Ihnen einen umfassenden \u00dcberblick \u00fcber aktuelle Informationen im Bio-Bereich. Dar\u00fcber hinaus finden Sie immer leckere Bio-Rezepte:<br \/>\n<a class=\"linkextern\" href=\"http:\/\/www.schrotundkorn.de\/\" target=\"_blank\" rel=\"noopener noreferrer\">www.schrotundkorn.de<\/a>.[\/bsf-info-box][\/vc_column_inner][\/vc_row_inner][\/vc_tta_section][vc_tta_section title=&#8220;Natur- und Biokosmetik&#8220; tab_id=&#8220;Natur_und_Biokosmetik&#8220;][vc_row_inner][vc_column_inner][bsf-info-box icon=&#8220;Defaults-info&#8220; icon_size=&#8220;32&#8243; icon_color=&#8220;#afcb04&#8243; icon_style=&#8220;circle&#8220; pos=&#8220;left&#8220;]Informationen zu veganen Produkten:<br \/>\n<a class=\"linkextern\" href=\"http:\/\/www.animalfair.at\/\" target=\"_blank\" rel=\"noopener noreferrer\">animalfair<\/a><br \/>\n<a class=\"linkextern\" href=\"http:\/\/www.vegane-gesellschaft.org\/\" target=\"_blank\" rel=\"noopener noreferrer\">Vegane Gesellschaft Deutschland e.V.<\/a>[\/bsf-info-box][bsf-info-box icon=&#8220;Defaults-info&#8220; icon_size=&#8220;32&#8243; icon_color=&#8220;#afcb04&#8243; icon_style=&#8220;circle&#8220; pos=&#8220;left&#8220;]Informationen bez\u00fcglich Tierschutz:<br \/>\n<a class=\"linkextern\" href=\"http:\/\/www.tierschutzbund.de\/\" target=\"_blank\" rel=\"noopener noreferrer\">Deutscher Tierschutzbund<\/a>[\/bsf-info-box][\/vc_column_inner][\/vc_row_inner][\/vc_tta_section][vc_tta_section title=&#8220;Kleidung und Textilien&#8220; tab_id=&#8220;Kleidung_und_Textilien&#8220;][vc_row_inner][vc_column_inner][bsf-info-box icon=&#8220;Defaults-info&#8220; icon_size=&#8220;32&#8243; icon_color=&#8220;#afcb04&#8243; icon_style=&#8220;circle&#8220; pos=&#8220;left&#8220;]Kirsten Brodde, Expertin f\u00fcr \u00bbgr\u00fcne\u00ab Mode, h\u00e4lt Sie mit Ihrem Blog \u00bbGr\u00fcne Mode\u00ab auf dem neuesten Stand und Trends der Mode:<br \/>\n<a class=\"linkextern\" href=\"http:\/\/www.kirstenbrodde.de\/\" target=\"_blank\" rel=\"noopener noreferrer\">www.kirstenbrodde.de<\/a>[\/bsf-info-box][bsf-info-box icon=&#8220;Defaults-info&#8220; icon_size=&#8220;32&#8243; icon_color=&#8220;#afcb04&#8243; icon_style=&#8220;circle&#8220; pos=&#8220;left&#8220;]Shopping-Webseiten f\u00fcr Eco-Fashion und allerlei:<br \/>\n<a class=\"linkextern\" href=\"http:\/\/www.armedangels.de\/\" target=\"_blank\" rel=\"noopener noreferrer\">armed angels<\/a><br \/>\n<a class=\"linkextern\" href=\"https:\/\/www.avocadostore.de\/\" target=\"_blank\" rel=\"noopener noreferrer\">Avocadostore<\/a>[\/bsf-info-box][bsf-info-box icon=&#8220;Defaults-info&#8220; icon_size=&#8220;32&#8243; icon_color=&#8220;#afcb04&#8243; icon_style=&#8220;circle&#8220; pos=&#8220;left&#8220;]Infos rund um das Virtuelle Wasser:<br \/>\n<a class=\"linkextern\" href=\"http:\/\/www.virtuelles-wasser.de\/\" target=\"_blank\" rel=\"noopener noreferrer\">Virtuelles Wasser<\/a>[\/bsf-info-box][bsf-info-box icon=&#8220;Defaults-info&#8220; icon_size=&#8220;32&#8243; icon_color=&#8220;#afcb04&#8243; icon_style=&#8220;circle&#8220; pos=&#8220;left&#8220;]animal.fair, eine gemeinn\u00fctzige Organisation in \u00d6sterreich, liefert Ihnen alle wichtigen Fakten f\u00fcr Ihren tierfreundlichen Einkauf:<br \/>\n<a class=\"linkextern\" href=\"http:\/\/www.animalfair.at\/\" target=\"_blank\" rel=\"noopener noreferrer\">animalfair<\/a>[\/bsf-info-box][\/vc_column_inner][\/vc_row_inner][\/vc_tta_section][vc_tta_section title=&#8220;Technik und Strom&#8220; tab_id=&#8220;Technik-und-Strom&#8220;][vc_row_inner][vc_column_inner][bsf-info-box icon=&#8220;Defaults-info&#8220; icon_size=&#8220;32&#8243; icon_color=&#8220;#afcb04&#8243; icon_style=&#8220;circle&#8220; pos=&#8220;left&#8220;]Energiespartipps, energieeffiziente PCs und Co. finden Sie unter:<br \/>\n<a class=\"linkextern\" href=\"http:\/\/www.thema-energie.de\/\" target=\"_blank\" rel=\"noopener noreferrer\">thema-energie.de<\/a>[\/bsf-info-box][bsf-info-box icon=&#8220;Defaults-info&#8220; icon_size=&#8220;32&#8243; icon_color=&#8220;#afcb04&#8243; icon_style=&#8220;circle&#8220; pos=&#8220;left&#8220;]Hilfreiche Tipps und Tricks rund um Technink, Energie- und Stromsparen bietet Ihnen die Deutsche Energie-Agentur:<br \/>\n<a class=\"linkextern\" href=\"http:\/\/www.dena.de\/\" target=\"_blank\" rel=\"noopener noreferrer\">dena.de<\/a>[\/bsf-info-box][\/vc_column_inner][\/vc_row_inner][\/vc_tta_section][vc_tta_section title=&#8220;Finanzen&#8220; tab_id=&#8220;Finanzen&#8220;][bsf-info-box icon=&#8220;Defaults-info&#8220; icon_size=&#8220;32&#8243; icon_color=&#8220;#afcb04&#8243; icon_style=&#8220;circle&#8220; pos=&#8220;left&#8220;]Falls Sie weitere Fragen zum Thema \u00bbgr\u00fcnes\u00ab Geld haben, bietet Ihnen das Portal Ecoreporter alle wichtigen Informationen:<br \/>\n<a class=\"linkextern\" href=\"http:\/\/www.ecoreporter.de\/\" target=\"_blank\" rel=\"noopener noreferrer\">ecoreporter.de<\/a>[\/bsf-info-box][\/vc_tta_section][\/vc_tta_accordion][\/vc_column][\/vc_row]<\/p>\n<\/div>","protected":false},"excerpt":{"rendered":"<p>[vc_row][vc_column css=&#8220;.vc_custom_1491927192616{padding-bottom: 5% !important;}&#8220;][ultimate_heading main_heading=&#8220;Gut informiert ist halb gewonnen&#8220; heading_tag=&#8220;h1&#8243; alignment=&#8220;left&#8220;][\/ultimate_heading][\/vc_column][\/vc_row][vc_row type=&#8220;vc_default&#8220; equal_height=&#8220;yes&#8220; margin_bottom=&#8220;20px&#8220; css=&#8220;.vc_custom_1495627192749{margin-bottom: 20px !important;}&#8220;][vc_column][vc_row_inner css=&#8220;.vc_custom_1495628697803{padding-top: 0px !important;padding-right: 0px !important;padding-bottom: 0px !important;padding-left: 0px !important;}&#8220;][vc_column_inner width=&#8220;1\/2&#8243; css=&#8220;.vc_custom_1495623269542{padding-top: 0px !important;padding-right: 0px !important;padding-bottom: 0px !important;padding-left: 0px !important;}&#8220;][vc_single_image image=&#8220;6403&#8243; img_size=&#8220;605&#215;321&#8243; image_hovers=&#8220;false&#8220; css=&#8220;.vc_custom_1499336630080{padding-top: 0px !important;padding-right: 0px !important;padding-bottom: 0px !important;padding-left: 0px !important;}&#8220;][\/vc_column_inner][vc_column_inner width=&#8220;1\/2&#8243; css=&#8220;.vc_custom_1495623157157{padding-top: 0px !important;padding-right: 0px !important;padding-bottom: 0px&hellip;<\/p>\n","protected":false},"author":1,"featured_media":0,"parent":0,"menu_order":0,"comment_status":"closed","ping_status":"closed","template":"","meta":{"footnotes":""},"class_list":["post-6019","page","type-page","status-publish","hentry","description-off"],"_links":{"self":[{"href":"https:\/\/www.greensurance.de\/einkaufsratgeber\/wp-json\/wp\/v2\/pages\/6019","targetHints":{"allow":["GET"]}}],"collection":[{"href":"https:\/\/www.greensurance.de\/einkaufsratgeber\/wp-json\/wp\/v2\/pages"}],"about":[{"href":"https:\/\/www.greensurance.de\/einkaufsratgeber\/wp-json\/wp\/v2\/types\/page"}],"author":[{"embeddable":true,"href":"https:\/\/www.greensurance.de\/einkaufsratgeber\/wp-json\/wp\/v2\/users\/1"}],"replies":[{"embeddable":true,"href":"https:\/\/www.greensurance.de\/einkaufsratgeber\/wp-json\/wp\/v2\/comments?post=6019"}],"version-history":[{"count":9,"href":"https:\/\/www.greensurance.de\/einkaufsratgeber\/wp-json\/wp\/v2\/pages\/6019\/revisions"}],"predecessor-version":[{"id":7327,"href":"https:\/\/www.greensurance.de\/einkaufsratgeber\/wp-json\/wp\/v2\/pages\/6019\/revisions\/7327"}],"wp:attachment":[{"href":"https:\/\/www.greensurance.de\/einkaufsratgeber\/wp-json\/wp\/v2\/media?parent=6019"}],"curies":[{"name":"wp","href":"https:\/\/api.w.org\/{rel}","templated":true}]}}