{"id":6021,"date":"2017-03-31T11:47:01","date_gmt":"2017-03-31T09:47:01","guid":{"rendered":"http:\/\/greensurance.qfact.info\/?page_id=6021"},"modified":"2017-07-13T12:16:28","modified_gmt":"2017-07-13T10:16:28","slug":"ihre-kaufentscheidung-zaehlt","status":"publish","type":"page","link":"https:\/\/www.greensurance.de\/einkaufsratgeber\/ihre-kaufentscheidung-zaehlt\/","title":{"rendered":"Ihre Kaufentscheidung z\u00e4hlt"},"content":{"rendered":"<div class=\"wpb-content-wrapper\"><p>[vc_row][vc_column css=&#8220;.vc_custom_1499337670162{margin-bottom: 5% !important;padding-bottom: 0px !important;}&#8220;][ultimate_heading main_heading=&#8220;Ihre Kaufentscheidung z\u00e4hlt&#8220; heading_tag=&#8220;h1&#8243; alignment=&#8220;left&#8220;][\/ultimate_heading][\/vc_column][\/vc_row][vc_row type=&#8220;vc_default&#8220; full_width=&#8220;stretch_row&#8220; margin_top=&#8220;40px&#8220; css=&#8220;.vc_custom_1490966471262{margin-bottom: 40px !important;}&#8220;][vc_column][vc_row_inner][vc_column_inner][vc_column_text]Sie interessieren sich f\u00fcr nachhaltige Wiener-W\u00fcrste und umweltbewusst hergestellte Jeans? Werden aber im Laden nicht f\u00fcndig?<br \/>\nSie kennen die wichtigsten Siegel, wundern sich aber, dass Ihr Lieblingsladen keine Produkte mit diesen Siegeln zum Kauf anbietet?[\/vc_column_text][\/vc_column_inner][\/vc_row_inner][vc_row_inner][vc_column_inner width=&#8220;1\/2&#8243;][vc_column_text]<\/p>\n<h2>Fragen Sie im Gesch\u00e4ft nach!<\/h2>\n<p>Auch wenn Sie eventuell keine Antwort bekommen sollten, fragen Sie nach und bleiben Sie standhaft. Wenn Ihre Frage nicht auf Anhieb beantwortet werden kann, erwarten Sie von den Mitarbeitern, dass Ihre Anfrage in die Zentrale weitergeleitet wird. Denn Kirsten Brodde, Expertin f\u00fcr \u00bbgr\u00fcne\u00ab Mode, wei\u00df:[\/vc_column_text][\/vc_column_inner][vc_column_inner width=&#8220;1\/2&#8243; css=&#8220;.vc_custom_1495032350560{padding-top: 60px !important;}&#8220;][vc_column_text]<\/p>\n<blockquote><p>Die Unternehmen beobachten ganz genau, was wir kaufen.<br \/>\nVermutlich noch genauer, was wir <strong>nicht<\/strong> mehr kaufen.<br \/>\n<cite>Kirsten Brodde (Schrot &amp; Korn 09\/2012)<\/cite><\/p><\/blockquote>\n<p>[\/vc_column_text][\/vc_column_inner][\/vc_row_inner][\/vc_column][\/vc_row][vc_row type=&#8220;vc_default&#8220; equal_height=&#8220;yes&#8220; margin_bottom=&#8220;0px&#8220; css=&#8220;.vc_custom_1495621794051{margin-bottom: 0px !important;border-bottom-width: 0px !important;background-color: #ffffff !important;border-bottom-color: #ffffff !important;border-bottom-style: solid !important;}&#8220; min_height=&#8220;400px&#8220;][vc_column width=&#8220;1\/2&#8243; css=&#8220;.vc_custom_1495621910793{padding-top: 0px !important;padding-right: 0px !important;padding-bottom: 0px !important;padding-left: 0px !important;}&#8220;][vc_single_image image=&#8220;6639&#8243; img_size=&#8220;597&#215;460&#8243; alignment=&#8220;center&#8220; css=&#8220;.vc_custom_1497257901122{margin-right: 0px !important;margin-bottom: 0px !important;padding-top: 0px !important;padding-left: 0px !important;}&#8220;][\/vc_column][vc_column width=&#8220;1\/2&#8243; css=&#8220;.vc_custom_1495628468163{margin-top: 0px !important;margin-right: 0px !important;margin-bottom: 0px !important;margin-left: 0px !important;padding-top: 0px !important;padding-right: 0px !important;padding-bottom: 0px !important;padding-left: 0px !important;background-color: #f8fbee !important;}&#8220;][vc_column_text css=&#8220;.vc_custom_1497257966463{margin-bottom: 0px !important;padding-top: 3% !important;padding-right: 3% !important;padding-bottom: 0px !important;padding-left: 3% !important;}&#8220;]<\/p>\n<h3>Der Erfolg gibt Ihnen Recht.<\/h3>\n<p>Das Beispiel der mittlerweile verbotenen K\u00e4figeier zeigt deutlich, dass das best\u00e4ndige Nachfragen durch Verbraucher letztendlich Einfluss auf die Politik nehmen kann:<\/p>\n<p>\u00bbH\u00e4tten nicht Konsumenten gefragt, wie Eier produziert werden und wieviel Platz die H\u00fchner haben, h\u00e4tten wir nie ein Verbot von K\u00e4figeiern bekommen. Politik nimmt sehr wohl wahr, wie Kunden agieren.\u00ab<\/p>\n<p>(Kirsten Brodde, Beitrag \u00bbAcht Fragen an das Lieblingsunternehmen\u00ab im <a class=\"linkextern\" href=\"http:\/\/www.kirstenbrodde.de\/\" target=\"_blank\" rel=\"noopener noreferrer\">Blog \u00bbGr\u00fcne Mode\u00ab<\/a>).<\/p>\n<p>Warum soll es in anderen Bereichen \u2212 beispielsweise in der Kleidungsindustrie \u2212 nicht eine \u00e4hnliche Bewegung wie bei den K\u00e4figeiern geben? Wenn Kunden vermehrt echte Bio-Baumwoll-Produkte durch ihren Einkauf und ihr Nachfragen einfordern, kann in Zukunft mehr und mehr Bio-Kleidung in den L\u00e4den liegen.[\/vc_column_text][\/vc_column][\/vc_row][vc_row type=&#8220;vc_default&#8220; equal_height=&#8220;yes&#8220; margin_bottom=&#8220;0px&#8220; css=&#8220;.vc_custom_1483969430794{margin-bottom: 40px !important;}&#8220; min_height=&#8220;400px&#8220;][vc_column width=&#8220;1\/2&#8243; css=&#8220;.vc_custom_1495628508979{padding-top: 3% !important;padding-right: 3% !important;padding-bottom: 3% !important;padding-left: 3% !important;background-color: #f8fbee !important;}&#8220;][vc_column_text]<\/p>\n<h3>Fordern Sie Transparenz \u2212\u00a0auch im Bio-Laden!<\/h3>\n<p>Woher bezieht Ihr Laden die Ware? Fragen Sie im Gesch\u00e4ft nach, woher die Produkte oder einzelne Zutaten der Produkte stammen. Bevorzugen Sie regional produzierte Bio-Ware.[\/vc_column_text][vc_column_text]<\/p>\n<h3>Treffen Sie eine informierte und bewusste<br \/>\nKaufentscheidung.<\/h3>\n<h3>Denn Ihre Kaufentscheidung ist wichtig:<\/h3>\n<p>[\/vc_column_text][vc_column_text]<\/p>\n<blockquote><p><strong>Sie haben es in der Hand,<\/strong><br \/>\ndie Welt ein bisschen mehr so zu machen,\u00a0wie sie sein soll.<br \/>\n<cite>Michalis Pantelouris (Schrot &amp; Korn 09\/2012)<\/cite><\/p><\/blockquote>\n<p>[\/vc_column_text][\/vc_column][vc_column width=&#8220;1\/2&#8243; css=&#8220;.vc_custom_1495628540248{margin-top: 0px !important;margin-right: 0px !important;margin-bottom: 0px !important;margin-left: 0px !important;padding-top: 0px !important;padding-right: 0px !important;padding-bottom: 0px !important;padding-left: 0px !important;background-color: #ffffff !important;}&#8220;][vc_column_text css=&#8220;.vc_custom_1499940328186{padding-top: 3% !important;padding-right: 3% !important;padding-left: 3% !important;}&#8220;]<\/p>\n<h3>Beispiele f\u00fcr eine transparente Darstellung sind folgende Aktionen:<\/h3>\n<ul class=\"qf_list\">\n<li>Die Molkerei Andechs bietet Ihnen an, den \u00bb\u00f6kologischen Weg\u00ab Ihres Milchproduktes mithilfe des Mindesthaltbarkeitsdatums nachzuforschen:<br \/>\n<a class=\"linkextern\" href=\"http:\/\/www.andechser-natur.de\/\" target=\"_blank\" rel=\"noopener noreferrer\">Molkerei Andechs (\u00bbDer \u00f6kologische Weg\u00ab)<\/a><\/li>\n<li>Die Initiative \u00bbBio mit Gesicht\u00ab erm\u00f6glicht es Ihnen, im Internet Informationen \u00fcber Ihr Bio-Produkt, dessen Herkunft und Herstellung einzuholen.<br \/>\nEinfach die \u00bbbio-mit-gesicht-Nummer\u00ab eingeben unter:\u00a0<a class=\"linkextern\" href=\"http:\/\/www.bio-mit-gesicht.de\/\" target=\"_blank\" rel=\"noopener noreferrer\">\u00bbBio mit Gesicht\u00ab<\/a><\/li>\n<li>Erforschen Sie mit dem\u00a0respect code\u00a0den Produktionsweg Ihrer Kleidung. Online zeigt Ihnen die respect code-Nummer, wo die Baumwolle angebaut und Ihr Kleidungsst\u00fcck gef\u00e4rbt und bedruckt wurde:\u00a0<a class=\"linkextern\" href=\"http:\/\/www.respect-code.org\/\" target=\"_blank\" rel=\"noopener noreferrer\">respect code.org<\/a>\n<div class=\"img_caption right\"><img loading=\"lazy\" decoding=\"async\" class=\"alignright wp-image-6178\" src=\"https:\/\/www.greensurance.de\/einkaufsratgeber\/wp-content\/uploads\/sites\/4\/2017\/03\/respect_code.png\" alt=\"\" width=\"74\" height=\"42\" \/><\/div>\n<\/li>\n<\/ul>\n<p>[\/vc_column_text][\/vc_column][\/vc_row]<\/p>\n<\/div>","protected":false},"excerpt":{"rendered":"<p>[vc_row][vc_column css=&#8220;.vc_custom_1499337670162{margin-bottom: 5% !important;padding-bottom: 0px !important;}&#8220;][ultimate_heading main_heading=&#8220;Ihre Kaufentscheidung z\u00e4hlt&#8220; heading_tag=&#8220;h1&#8243; alignment=&#8220;left&#8220;][\/ultimate_heading][\/vc_column][\/vc_row][vc_row type=&#8220;vc_default&#8220; full_width=&#8220;stretch_row&#8220; margin_top=&#8220;40px&#8220; css=&#8220;.vc_custom_1490966471262{margin-bottom: 40px !important;}&#8220;][vc_column][vc_row_inner][vc_column_inner][vc_column_text]Sie interessieren sich f\u00fcr nachhaltige Wiener-W\u00fcrste und umweltbewusst hergestellte Jeans? Werden aber im Laden nicht f\u00fcndig? Sie kennen die wichtigsten Siegel, wundern sich aber, dass Ihr Lieblingsladen keine Produkte mit diesen Siegeln zum Kauf anbietet?[\/vc_column_text][\/vc_column_inner][\/vc_row_inner][vc_row_inner][vc_column_inner width=&#8220;1\/2&#8243;][vc_column_text] Fragen Sie im&hellip;<\/p>\n","protected":false},"author":1,"featured_media":0,"parent":0,"menu_order":0,"comment_status":"closed","ping_status":"closed","template":"","meta":{"footnotes":""},"class_list":["post-6021","page","type-page","status-publish","hentry","description-off"],"_links":{"self":[{"href":"https:\/\/www.greensurance.de\/einkaufsratgeber\/wp-json\/wp\/v2\/pages\/6021","targetHints":{"allow":["GET"]}}],"collection":[{"href":"https:\/\/www.greensurance.de\/einkaufsratgeber\/wp-json\/wp\/v2\/pages"}],"about":[{"href":"https:\/\/www.greensurance.de\/einkaufsratgeber\/wp-json\/wp\/v2\/types\/page"}],"author":[{"embeddable":true,"href":"https:\/\/www.greensurance.de\/einkaufsratgeber\/wp-json\/wp\/v2\/users\/1"}],"replies":[{"embeddable":true,"href":"https:\/\/www.greensurance.de\/einkaufsratgeber\/wp-json\/wp\/v2\/comments?post=6021"}],"version-history":[{"count":4,"href":"https:\/\/www.greensurance.de\/einkaufsratgeber\/wp-json\/wp\/v2\/pages\/6021\/revisions"}],"predecessor-version":[{"id":7381,"href":"https:\/\/www.greensurance.de\/einkaufsratgeber\/wp-json\/wp\/v2\/pages\/6021\/revisions\/7381"}],"wp:attachment":[{"href":"https:\/\/www.greensurance.de\/einkaufsratgeber\/wp-json\/wp\/v2\/media?parent=6021"}],"curies":[{"name":"wp","href":"https:\/\/api.w.org\/{rel}","templated":true}]}}