{"id":6025,"date":"2017-03-31T11:53:12","date_gmt":"2017-03-31T09:53:12","guid":{"rendered":"http:\/\/greensurance.qfact.info\/?page_id=6025"},"modified":"2018-03-07T12:00:01","modified_gmt":"2018-03-07T11:00:01","slug":"bewusst-einkaufen","status":"publish","type":"page","link":"https:\/\/www.greensurance.de\/einkaufsratgeber\/bewusst-einkaufen\/","title":{"rendered":"Bewusst einkaufen"},"content":{"rendered":"<div class=\"wpb-content-wrapper\"><p>[vc_row][vc_column][vc_row_inner][vc_column_inner css=&#8220;.vc_custom_1491927144743{padding-bottom: 5% !important;}&#8220;][ultimate_heading main_heading=&#8220;Bewusst einkaufen&#8220; heading_tag=&#8220;h1&#8243; alignment=&#8220;left&#8220;][\/ultimate_heading][\/vc_column_inner][\/vc_row_inner][vc_row_inner][vc_column_inner width=&#8220;1\/3&#8243;][vc_column_text]<\/p>\n<h2>Seien Sie neugierig<img loading=\"lazy\" decoding=\"async\" class=\"wp-image-6524 size-full alignnone\" src=\"https:\/\/www.greensurance.de\/einkaufsratgeber\/wp-content\/uploads\/sites\/4\/2017\/03\/Ausrufezeichen.jpg\" alt=\"\" width=\"14\" height=\"50\" \/><\/h2>\n<p>[\/vc_column_text][\/vc_column_inner][vc_column_inner width=&#8220;1\/3&#8243;][vc_column_text]<\/p>\n<h2>Stellen Sie Fragen\u00a0<img loading=\"lazy\" decoding=\"async\" class=\"wp-image-6525 size-full alignnone\" src=\"https:\/\/www.greensurance.de\/einkaufsratgeber\/wp-content\/uploads\/sites\/4\/2017\/03\/frage.jpg\" alt=\"\" width=\"27\" height=\"50\" \/><\/h2>\n<p>[\/vc_column_text][\/vc_column_inner][vc_column_inner width=&#8220;1\/3&#8243;][vc_column_text]<\/p>\n<h2>Fragen ver\u00e4ndern die Welt\u00a0<img loading=\"lazy\" decoding=\"async\" class=\"wp-image-7234 size-full alignnone\" src=\"https:\/\/www.greensurance.de\/einkaufsratgeber\/wp-content\/uploads\/sites\/4\/2017\/03\/World_cycle-3.jpg\" alt=\"\" width=\"51\" height=\"50\" \/><\/h2>\n<p>[\/vc_column_text][\/vc_column_inner][\/vc_row_inner][vc_row_inner equal_height=&#8220;yes&#8220; css=&#8220;.vc_custom_1495616978568{padding-top: 3% !important;padding-bottom: 3% !important;}&#8220;][vc_column_inner width=&#8220;1\/2&#8243;][vc_single_image image=&#8220;6349&#8243; img_size=&#8220;570&#215;330&#8243;][\/vc_column_inner][vc_column_inner width=&#8220;1\/2&#8243; css=&#8220;.vc_custom_1495628374767{padding-top: 0px !important;padding-right: 0px !important;padding-bottom: 0px !important;padding-left: 0px !important;}&#8220;][vc_column_text css=&#8220;.vc_custom_1496225901649{padding-top: 3% !important;padding-right: 3% !important;padding-bottom: 3% !important;padding-left: 3% !important;}&#8220;]Wie f\u00fcr alle Lebensbereiche ist Neugierde auch f\u00fcr unseren t\u00e4glichen Einkauf von gro\u00dfer Bedeutung.<\/p>\n<h3>Fragen Sie sich:<\/h3>\n<ul class=\"qf_list\">\n<li>Woher stammt das Produkt, das ich kaufe?<\/li>\n<li>Was ist in meinem Produkt enthalten?<\/li>\n<li>Wie wurden die Rohstoffe hergestellt?<\/li>\n<li>Was versteht man unter einer biologischen Erzeugung?<\/li>\n<li>Warum soll ich Bio-Produkte kaufen?<\/li>\n<\/ul>\n<p>[\/vc_column_text][\/vc_column_inner][\/vc_row_inner][\/vc_column][\/vc_row][vc_row][vc_column][vc_tta_accordion shape=&#8220;square&#8220; active_section=&#8220;&#8220; collapsible_all=&#8220;true&#8220; title=&#8220;Erste Antworten auf folgende Fragen&#8220;][vc_tta_section title=&#8220;WARUM einkaufen?&#8220; tab_id=&#8220;WARUM-einkaufen&#8220;][vc_column_text]<\/p>\n<h3>Warum gehen wir eigentlich einkaufen?<\/h3>\n<p>Zum \u00dcberleben! Zur Vereinfachung? Zum Spa\u00df?<\/p>\n<p>Alle unsere Lebensmittel, technischen Ger\u00e4te und andere Herzensw\u00fcnsche werden zeit- und arbeitsintensiv hergestellt. Menschen auf der ganzen Welt erhalten auf diese Weise eine Arbeitsstelle.<br \/>\nAber viele Menschen arbeiten bis heute unter menschenunw\u00fcrdigen Bedingungen. Fl\u00fcsse sind ungenie\u00dfbar und Tiere fristen ein tristloses Dasein.<\/p>\n<p>Das muss nicht sein.<\/p>\n<p>Zahlreiche unserer gew\u00fcnschten Produkte k\u00f6nnen Sie aus menschenw\u00fcrdiger, tiergerechter und umweltfreundlicher Herstellung kaufen.[\/vc_column_text]<blockquote class=\"text-big shortcode-blockquote block-style-widget\"><h3>Handeln Sie! Kaufen Sie bewusst ein.<\/h3>\n<p>Klasse statt Masse:<br \/>\nKaufen Sie nicht nur um des Kaufens Willen, sondern kaufen Sie bewusst und aufmerksam.<br \/>\nM. Reichenberg, Greensurance\u00ae (02.02.2013)<\/p>\n<\/blockquote>[vc_row_inner css=&#8220;.vc_custom_1492000629159{padding-top: 2% !important;}&#8220;][vc_column_inner width=&#8220;3\/4&#8243;][vc_column_text]<\/p>\n<h3>Purer Genuss: Bio-Schokolade<\/h3>\n<p>Haben Sie bereits Bio-Schokolade probiert?<\/p>\n<p>Bio-Schokolade schmeckt wesentlich intensiver als herk\u00f6mmliche Schokolade.<\/p>\n<p>Konventionell hergestellte Schokolade enth\u00e4lt gr\u00f6\u00dfere Mengen an Industrie-Zucker, der den Appetit und damit den Kauf anregt. Der Schokoladen-Liebhaber kann eine ganze Tafel konventioneller Schokolade auf einmal essen.<\/p>\n<p>[\/vc_column_text][\/vc_column_inner][vc_column_inner width=&#8220;1\/4&#8243; css=&#8220;.vc_custom_1485535314131{padding-top: 5% !important;}&#8220;][vc_single_image image=&#8220;1710&#8243; img_size=&#8220;full&#8220; alignment=&#8220;right&#8220;][\/vc_column_inner][\/vc_row_inner][vc_column_text]Bei Bio-Schokolade ist das nicht der Fall. Schokolade aus biologischer Herstellung schmeckt weniger nach Zucker sondern intensiver nach feinster Schokolade. Genie\u00dfen Sie Bio-Schokolade St\u00fcck f\u00fcr St\u00fcck und lassen Sie sie auf der Zunge zergehen.<\/p>\n<p>Testen Sie den Unterschied! Sie werden positiv \u00fcberrascht sein.[\/vc_column_text][\/vc_tta_section][vc_tta_section title=&#8220;WANN einkaufen?&#8220; tab_id=&#8220;WANN-einkaufen&#8220;][vc_column_text]<\/p>\n<h3>Was ist das Beste an Spargel?<\/h3>\n<p>Der seltene Genuss des Spargel-Gerichtes?\u00a0Die Vorfreude?<br \/>\nW\u00e4hrend der Spargel-Zeit essen Sie gen\u00fcsslich heimischen Spargel? Und wenn die Spargel-Zeit vorbei ist, dann ist das auch ok? Denn die Spargel-Zeit kommt ja n\u00e4chstes Jahr wieder. Und die Vofreude ebenfalls.[\/vc_column_text][vc_row_inner][vc_column_inner width=&#8220;3\/4&#8243;][vc_column_text]Im Gegensatz zu Spargel gibt es die meisten Obst- und Gem\u00fcsesorten heute t\u00e4glich zu kaufen. Um die Nachfrage zu decken, werden Obst und Gem\u00fcse nach Deutschland importiert und teilweise wochenlang um die Welt geschifft. Das belastet das Klima und verschafft uns unter anderem weniger wohlschmeckende weil unreif geerntete Fr\u00fcchte.<\/p>\n<h4>G\u00f6nnen Sie sich frisches\u00a0und abwechslungsreiches\u00a0Obst und Gem\u00fcse!<\/h4>\n<p>Jede Jahreszeit hat ihre besonderen Eigenschaften und bringt charakteristische Fr\u00fcchte hervor. Welche Obst- oder Gem\u00fcsesorte wird in welchem Monat reif? Hierbei hilft ein Saisonkalender, der beispielsweise in Ihrem Bio-Laden aush\u00e4ngt.[\/vc_column_text][\/vc_column_inner][vc_column_inner width=&#8220;1\/4&#8243;][vc_single_image image=&#8220;6532&#8243; img_size=&#8220;full&#8220; alignment=&#8220;right&#8220;][\/vc_column_inner][\/vc_row_inner][vc_column_text]Alle zwei bis drei Monate k\u00f6nnen Sie sich so \u00fcber \u00bbneue\u00ab Obst- oder Gem\u00fcsesorten freuen. Optimal f\u00fcr Ihren Geldbeutel und die Umwelt ist es, wenn Sie Lebensmittel zudem regional einkaufen. Genie\u00dfen Sie die abwechslungsreichen Nahrungsmittel, die Ihnen Deutschland bietet:<\/p>\n<p><strong>Bevorzugen Sie saisonale Lebensmittel\u00a0aus Ihrer Region!\u00a0Am besten in BIO.<\/strong>[\/vc_column_text][\/vc_tta_section][vc_tta_section title=&#8220;WO einkaufen?&#8220; tab_id=&#8220;1485534683400-12a57df6-a436&#8243;][vc_row_inner][vc_column_inner width=&#8220;3\/4&#8243; css=&#8220;.vc_custom_1492001036500{margin-bottom: 0px !important;padding-bottom: 0px !important;}&#8220;][vc_column_text css=&#8220;.vc_custom_1492001169700{margin-bottom: 0px !important;padding-bottom: 0px !important;}&#8220;]<\/p>\n<h3>Wo kaufen Sie Ihre Lebensmittel ein?<\/h3>\n<p>Im Supermarkt? Im Bio-Laden?<br \/>\nMit jedem Einkauf unterst\u00fctzen Sie diejenigen Personen, bei denen Sie einkaufen, oder das jeweilige Gesch\u00e4ft, in dem Sie einkaufen.<\/p>\n<p>Aber woher beziehen gro\u00dfe Lebensmittelketten ihre Bio-Produkte?<br \/>\nAus der Region?<br \/>\nAus Deutschland?<br \/>\nOder sind die Bio-Kartoffeln aus \u00c4gypten?[\/vc_column_text][\/vc_column_inner][vc_column_inner width=&#8220;1\/4&#8243; css=&#8220;.vc_custom_1492000782570{padding-top: 5% !important;}&#8220;][vc_single_image image=&#8220;1712&#8243; img_size=&#8220;full&#8220;][\/vc_column_inner][vc_column_inner css=&#8220;.vc_custom_1492000957974{margin-top: 0px !important;padding-top: 0px !important;}&#8220;][vc_column_text css=&#8220;.vc_custom_1492000900613{margin-top: 0px !important;padding-top: 0px !important;}&#8220;]<strong>Bio-Kartoffeln aus dem wasserarmen \u00c4gypten? Das macht keinen Sinn.<\/strong><\/p>\n<p>Da in \u00c4gypten wenig Regen f\u00e4llt, sind dortige Landwirte gezwungen, ihre Felder k\u00fcnstlich zu bew\u00e4ssern. Auf diese Weise ben\u00f6tigen \u00e4gyptische Landwirte weit mehr Wasserressourcen als deutsche Landwirte, die auf Regenwasser zur\u00fcckgreifen k\u00f6nnen. Zus\u00e4tzlich wird f\u00fcr den Transport der Kartoffeln von \u00c4gypten nach Deutschland unn\u00f6tig Treibstoff verbraucht und klimasch\u00e4dliches Kohlenstoffdioxid (CO2) ausgesto\u00dfen.<br \/>\nAchten Sie der Umwelt zuliebe auf das Herkunftsland Ihrer Produkte und unterst\u00fctzen Sie Lebensmittel aus der Region.<\/p>\n<p><strong>Geben Sie Ihr Geld den wahren Bio-F\u00f6rderern!<\/strong><\/p>\n<p>Wenn Sie Bio-Lebensmittel kaufen,\u00a0m\u00f6chten Sie die \u00f6kologische Landwirtschaft unterst\u00fctzen.<\/p>\n<p>Kaufen Sie Bio-Lebensmittel jedoch in gro\u00dfen Lebensmittelketten, so kommt das Geld, das Sie bezahlen, letztendlich einem Konzern zugute, der zum gr\u00f6\u00dften Teil die konventionelle Landwirtschaft finanziert \u2212 nicht die \u00f6kologische Landwirtschaft.<\/p>\n<p>Sch\u00fctzen Sie die b\u00e4uerliche \u00f6kologische Landwirtschaft und zugleich das Klima:<\/p>\n<p><strong>Kaufen Sie Bio-Lebensmittel direkt beim Landwirt,\u00a0auf dem regionalen Markt oder im Bio-Laden!<\/strong>[\/vc_column_text][\/vc_column_inner][\/vc_row_inner][\/vc_tta_section][vc_tta_section title=&#8220;WIE einkaufen?&#8220; tab_id=&#8220;WIE-einkaufen&#8220;][vc_row_inner][vc_column_inner width=&#8220;3\/4&#8243;][vc_column_text css=&#8220;.vc_custom_1492001366076{margin-bottom: 0px !important;padding-bottom: 0px !important;}&#8220;]<\/p>\n<h3>Finden Sie das empfohlene Siegel nicht im Laden?<\/h3>\n<p>Dann nehmen Sie\u00a0das Internet in Anspruch.<\/p>\n<p>Faire Kleidung mit strengem Bio-Siegel ist in den L\u00e4den kaum zu finden. Im Internet sto\u00dfen Sie dagegen auf eine gro\u00dfe Auswahl an modernen, umweltfreundlich produzierten und schadstofffreien Kleidungsst\u00fccken.<\/p>\n<p>Sie kaufen Ihre Kleidung schon l\u00e4ngst im Internet ein? Umso besser! Dann entdecken Sie mit dem Greensurance\u00ae-Einkaufsratgeber hochwertige und umweltbewusste Kleidung im Internet.[\/vc_column_text][\/vc_column_inner][vc_column_inner width=&#8220;1\/4&#8243; css=&#8220;.vc_custom_1492001344633{padding-top: 5% !important;}&#8220;][vc_single_image image=&#8220;6134&#8243; img_size=&#8220;full&#8220;][\/vc_column_inner][vc_column_inner css=&#8220;.vc_custom_1492001295664{margin-top: 0px !important;padding-top: 0px !important;}&#8220;][vc_column_text css=&#8220;.vc_custom_1500023451015{margin-top: 0px !important;padding-top: 0px !important;}&#8220;]<strong>Ihren einfachen Weg zum \u00f6ko-fairen Kleidungsst\u00fcck finden Sie\u00a0<\/strong><a class=\"linkintern\" href=\"https:\/\/www.greensurance.de\/einkaufsratgeber\/oeko-und-bio-siegel\/kleidung-und-textilien\/\">hier<\/a>.<\/p>\n<p><strong>Greensurance\u00ae-Kommentar:<\/strong><br \/>\nGreensurance<sup>\u00ae <\/sup>bef\u00fcrwortet nicht den ma\u00dflosen Einkauf im Internet. Dennoch erm\u00f6glicht das Internet, beispielsweise vegane Bio- und Fairtrade-Produkte zu erwerben, die noch nicht deutschlandweit in L\u00e4den erh\u00e4ltlich sind.[\/vc_column_text][\/vc_column_inner][\/vc_row_inner][\/vc_tta_section][vc_tta_section title=&#8220;WELCHES Sternchen?&#8220; tab_id=&#8220;WELCHES-Sternchen&#8220;][vc_row_inner][vc_column_inner width=&#8220;3\/4&#8243;][vc_column_text css=&#8220;.vc_custom_1496233710808{margin-bottom: 0px !important;padding-bottom: 0px !important;}&#8220;]<\/p>\n<h3>Welche Informationen gibt mir die Zutatliste?<\/h3>\n<p><strong>Welche Inhaltsstoffe sind biologisch?<\/strong>\u00a0<strong>Was bedeutet das Sternchen?<br \/>\n<\/strong><br \/>\nBei Lebensmitteln, Kosmetik, Wasch- und Reinigungsmitteln k\u00f6nnen Sie anhand der Zutatenliste \u00fcberpr\u00fcfen, ob Inhaltsstoffe \u2212 und wenn ja, welche Inhaltsstoffe \u2212 aus kontrolliert biologischer Herstellung stammen.<\/p>\n<p>Das Sternchen \u00bb*\u00ab hinter den einzelnen Bestandteilen zeigt Ihnen die \u00f6kologische Erzeugung der jeweiligen Zutat an. Die Fu\u00dfnote lautet zumeist \u00bb* aus kontrolliert biologischer Landwirtschaft\u00ab.[\/vc_column_text][\/vc_column_inner][vc_column_inner width=&#8220;1\/4&#8243; css=&#8220;.vc_custom_1492001393524{padding-top: 5% !important;}&#8220;][vc_single_image image=&#8220;6136&#8243; img_size=&#8220;full&#8220; alignment=&#8220;right&#8220;][\/vc_column_inner][vc_column_inner][vc_column_text css=&#8220;.vc_custom_1492001479590{margin-top: 0px !important;padding-top: 0px !important;}&#8220;]<strong>Festgelegte Mengen-Reihenfolge der Zutatenliste<\/strong><\/p>\n<p>Es ist vorgeschrieben, dass die Angabe der Inhaltsstoffe innerhalb der Zutatenliste nach Mengenanteilen sortiert ist. An erster Stelle der Zutatenliste steht immer diejenige Zutat, die den gr\u00f6\u00dften Anteil des Produktes einnimmt. Nacheinander werden die Rohstoffe entlang abnehmender Mengenanteile aufgelistet.<\/p>\n<p>Das Sternchen gibt Ihnen einen \u00dcberblick \u00fcber den tats\u00e4chlich enthaltenen Anteil \u00f6kologischer Inhaltsstoffe in Ihrem Bio-Produkt.<\/p>\n<p><strong>Achten Sie auf das Sternchen!<\/strong>[\/vc_column_text][\/vc_column_inner][\/vc_row_inner][\/vc_tta_section][\/vc_tta_accordion][\/vc_column][\/vc_row]<\/p>\n<\/div>","protected":false},"excerpt":{"rendered":"<p>[vc_row][vc_column][vc_row_inner][vc_column_inner css=&#8220;.vc_custom_1491927144743{padding-bottom: 5% !important;}&#8220;][ultimate_heading main_heading=&#8220;Bewusst einkaufen&#8220; heading_tag=&#8220;h1&#8243; alignment=&#8220;left&#8220;][\/ultimate_heading][\/vc_column_inner][\/vc_row_inner][vc_row_inner][vc_column_inner width=&#8220;1\/3&#8243;][vc_column_text] Seien Sie neugierig [\/vc_column_text][\/vc_column_inner][vc_column_inner width=&#8220;1\/3&#8243;][vc_column_text] Stellen Sie Fragen\u00a0 [\/vc_column_text][\/vc_column_inner][vc_column_inner width=&#8220;1\/3&#8243;][vc_column_text] Fragen ver\u00e4ndern die Welt\u00a0 [\/vc_column_text][\/vc_column_inner][\/vc_row_inner][vc_row_inner equal_height=&#8220;yes&#8220; css=&#8220;.vc_custom_1495616978568{padding-top: 3% !important;padding-bottom: 3% !important;}&#8220;][vc_column_inner width=&#8220;1\/2&#8243;][vc_single_image image=&#8220;6349&#8243; img_size=&#8220;570&#215;330&#8243;][\/vc_column_inner][vc_column_inner width=&#8220;1\/2&#8243; css=&#8220;.vc_custom_1495628374767{padding-top: 0px !important;padding-right: 0px !important;padding-bottom: 0px !important;padding-left: 0px !important;}&#8220;][vc_column_text css=&#8220;.vc_custom_1496225901649{padding-top: 3% !important;padding-right: 3% !important;padding-bottom: 3% !important;padding-left: 3% !important;}&#8220;]Wie f\u00fcr alle Lebensbereiche&hellip;<\/p>\n","protected":false},"author":1,"featured_media":0,"parent":0,"menu_order":0,"comment_status":"closed","ping_status":"closed","template":"","meta":{"footnotes":""},"class_list":["post-6025","page","type-page","status-publish","hentry","description-off"],"_links":{"self":[{"href":"https:\/\/www.greensurance.de\/einkaufsratgeber\/wp-json\/wp\/v2\/pages\/6025","targetHints":{"allow":["GET"]}}],"collection":[{"href":"https:\/\/www.greensurance.de\/einkaufsratgeber\/wp-json\/wp\/v2\/pages"}],"about":[{"href":"https:\/\/www.greensurance.de\/einkaufsratgeber\/wp-json\/wp\/v2\/types\/page"}],"author":[{"embeddable":true,"href":"https:\/\/www.greensurance.de\/einkaufsratgeber\/wp-json\/wp\/v2\/users\/1"}],"replies":[{"embeddable":true,"href":"https:\/\/www.greensurance.de\/einkaufsratgeber\/wp-json\/wp\/v2\/comments?post=6025"}],"version-history":[{"count":12,"href":"https:\/\/www.greensurance.de\/einkaufsratgeber\/wp-json\/wp\/v2\/pages\/6025\/revisions"}],"predecessor-version":[{"id":7445,"href":"https:\/\/www.greensurance.de\/einkaufsratgeber\/wp-json\/wp\/v2\/pages\/6025\/revisions\/7445"}],"wp:attachment":[{"href":"https:\/\/www.greensurance.de\/einkaufsratgeber\/wp-json\/wp\/v2\/media?parent=6025"}],"curies":[{"name":"wp","href":"https:\/\/api.w.org\/{rel}","templated":true}]}}