{"id":881,"date":"2015-11-05T13:40:42","date_gmt":"2015-11-05T13:40:42","guid":{"rendered":"http:\/\/rayoflightthemes.com\/wordpress-themes\/insurance-agency-business-and-insurance-wordpress-theme\/?page_id=9"},"modified":"2018-03-07T11:38:39","modified_gmt":"2018-03-07T10:38:39","slug":"greensurance-nachhaltig-handeln-gruen-versichern","status":"publish","type":"page","link":"https:\/\/www.greensurance.de\/einkaufsratgeber\/","title":{"rendered":"Einkaufsratgeber"},"content":{"rendered":"<div class=\"wpb-content-wrapper\"><p>[vc_row margin_top=&#8220;20px&#8220;][vc_column css=&#8220;.vc_custom_1491927236989{padding-bottom: 5% !important;}&#8220;][ultimate_heading main_heading=&#8220;Einkaufsratgeber&#8220; heading_tag=&#8220;h1&#8243; alignment=&#8220;left&#8220;]<\/p>\n<h2>Auf diesen Seiten finden Sie alle Infos\u00a0f\u00fcr Ihren bewussten Einkauf.<\/h2>\n<p>[\/ultimate_heading][\/vc_column][\/vc_row][vc_row type=&#8220;vc_default&#8220; full_width=&#8220;stretch_row&#8220; margin_top=&#8220;40px&#8220; css=&#8220;.vc_custom_1490966471262{margin-bottom: 40px !important;}&#8220;][vc_column][vc_row_inner][vc_column_inner width=&#8220;2\/3&#8243;][vc_column_text]Neben allgemeinen Tipps und Tricks beim Einkauf stellen wir Ihnen detaillierte Informationen zu einzelnen Siegeln zur Verf\u00fcgung.<\/p>\n<p>Exemplare des Greensurance\u00ae-Einkaufsratgebers\u00a0f\u00fcr den Geldbeutel bestellen Sie hier.<\/p>\n<p><strong>Viel Spa\u00df bei Ihrem t\u00e4glichen Einkauf mit dem\u00a0Greensurance\u00ae-Einkaufsratgeber!<\/strong>[\/vc_column_text][\/vc_column_inner][vc_column_inner width=&#8220;1\/3&#8243;][vc_empty_space height=&#8220;73px&#8220;]<a href=\"\/einkaufsratgeber\/bestellformular\" class=\"btn-shortcode dt-btn-l dt-btn default-btn-color default-btn-hover-color default-btn-bg-color default-btn-bg-hover-color\" id=\"dt-btn-1\"><span>Pocket Einkaufsratgeber hier bestellen<\/span><\/a>[\/vc_column_inner][\/vc_row_inner][\/vc_column][\/vc_row][vc_row type=&#8220;vc_default&#8220; equal_height=&#8220;yes&#8220; margin_bottom=&#8220;0px&#8220; css=&#8220;.vc_custom_1485784429954{margin-bottom: 0px !important;border-bottom-width: 3px !important;background-color: #ffffff !important;border-bottom-color: #ffffff !important;border-bottom-style: solid !important;}&#8220; min_height=&#8220;400px&#8220;][vc_column width=&#8220;1\/2&#8243; css=&#8220;.vc_custom_1495458447712{padding-top: 0px !important;padding-right: 0px !important;padding-bottom: 0px !important;padding-left: 0px !important;}&#8220;][vc_single_image image=&#8220;6094&#8243; img_size=&#8220;600&#215;575&#8243; alignment=&#8220;center&#8220; css=&#8220;.vc_custom_1495458552025{margin-right: 0px !important;margin-bottom: 0px !important;padding-top: 0px !important;padding-right: 0px !important;padding-left: 0px !important;}&#8220;][\/vc_column][vc_column width=&#8220;1\/2&#8243; css=&#8220;.vc_custom_1495458418816{margin-top: 0px !important;margin-right: 0px !important;margin-bottom: 0px !important;margin-left: 0px !important;padding-top: 3% !important;padding-right: 3% !important;padding-bottom: 0px !important;padding-left: 3% !important;background-color: #f8fbee !important;}&#8220;][vc_column_text]<\/p>\n<h2>Zu den einzelnen Kategorien:<\/h2>\n<p>[\/vc_column_text][info_list icon_bg_color=&#8220;#afcb04&#8243; font_size_icon=&#8220;20&#8243; connector_color=&#8220;#ffffff&#8220;][info_list_item icon_type=&#8220;custom&#8220; icon_img=&#8220;id^6092|url^https:\/\/www.greensurance.de\/einkaufsratgeber\/wp-content\/uploads\/sites\/4\/2015\/11\/Save-the-world.jpg|caption^null|alt^null|title^Save-the-world|description^null&#8220;]<\/p>\n<h3><a href=\"https:\/\/www.greensurance.de\/einkaufsratgeber\/bewusst-einkaufen\/\">Bewusst einkaufen<\/a><\/h3>\n<p>[\/info_list_item][info_list_item icon_type=&#8220;custom&#8220; icon_img=&#8220;id^1794|url^https:\/\/www.greensurance.de\/einkaufsratgeber\/wp-content\/uploads\/sites\/4\/2012\/11\/Geschlossener_Kreislauf_Bio__kl.jpg|caption^null|alt^Geschlossener Kreislauf_Bio__kl|title^Geschlossener Kreislauf_Bio__kl|description^null&#8220;]<\/p>\n<h3 class=\"contentheading\"><a href=\"https:\/\/www.greensurance.de\/einkaufsratgeber\/warum-bio\/\">Warum BIO?<\/a><\/h3>\n<p>[\/info_list_item][info_list_item icon_type=&#8220;custom&#8220; icon_img=&#8220;id^1716|url^https:\/\/www.greensurance.de\/einkaufsratgeber\/wp-content\/uploads\/sites\/4\/2012\/10\/04-95854243.jpg|caption^null|alt^04-95854243|title^04-95854243|description^null&#8220;]<\/p>\n<h3 class=\"contentheading\"><a href=\"https:\/\/www.greensurance.de\/einkaufsratgeber\/vorsicht-greenwashing\/\">Vorsicht! \u00bbGreenwashing\u00ab<\/a><\/h3>\n<p>[\/info_list_item][info_list_item icon_type=&#8220;custom&#8220; icon_img=&#8220;id^1791|url^https:\/\/www.greensurance.de\/einkaufsratgeber\/wp-content\/uploads\/sites\/4\/2012\/10\/10-31456615.jpg|caption^null|alt^10-31456615|title^10-31456615|description^null&#8220;]<\/p>\n<h3 class=\"contentheading\"><a href=\"https:\/\/www.greensurance.de\/einkaufsratgeber\/gut-informiert-ist-halb-gewonnen\/\">Gut informiert ist halb gewonnen<\/a><\/h3>\n<p>[\/info_list_item][info_list_item icon_type=&#8220;custom&#8220; icon_img=&#8220;id^1788|url^https:\/\/www.greensurance.de\/einkaufsratgeber\/wp-content\/uploads\/sites\/4\/2012\/10\/02_34653037.jpg|caption^null|alt^02 34653037|title^02 34653037|description^null&#8220;]<\/p>\n<h3 class=\"contentheading\"><a href=\"https:\/\/www.greensurance.de\/einkaufsratgeber\/ihre-kaufentscheidung-zaehlt\/\">Ihre Kaufentscheidung z\u00e4hlt<\/a><\/h3>\n<p>[\/info_list_item][\/info_list][\/vc_column][\/vc_row][vc_row type=&#8220;vc_default&#8220; equal_height=&#8220;yes&#8220; margin_bottom=&#8220;0px&#8220; css=&#8220;.vc_custom_1483969430794{margin-bottom: 40px !important;}&#8220; min_height=&#8220;400px&#8220;][vc_column width=&#8220;1\/2&#8243; css=&#8220;.vc_custom_1495451661014{padding-top: 3% !important;padding-right: 3% !important;padding-bottom: 3% !important;padding-left: 3% !important;background-color: #f8fbee !important;}&#8220;][vc_column_text]<\/p>\n<h2 class=\"contentheading\"><a href=\"https:\/\/www.greensurance.de\/einkaufsratgeber\/oeko-und-bio-siegel\/\">\u00d6ko- und Bio-Siegel<\/a><\/h2>\n<p>Siegel k\u00f6nnen Ihnen die Kaufentscheidung vereinfachen.<\/p>\n<p>Doch mittlerweile sind unz\u00e4hlige Siegel auf dem Markt.\u00a0Welchen Siegeln kann ich vertrauen? Was bedeuten die einzelnen Siegel? Welche Siegel sind mein Geld wert?<\/p>\n<p>Der Greensurance\u00ae-Einkaufsratgeber unterst\u00fctzt Sie dabei, echte Siegel des Umweltschutzes von Fake-Siegeln zu unterscheiden.<\/p>\n<p><strong>Echte Bio-Siegel vereinfachen Ihnen den bewussten Einkauf.<\/strong><\/p>\n<h3>Warum erstellt Greensurance\u00ae\u00a0einen Einkaufsratgeber?<\/h3>\n<p>[\/vc_column_text]<a href=\"\/einkaufsratgeber\/oeko-und-bio-siegel\/\" class=\"btn-shortcode dt-btn-l dt-btn default-btn-color default-btn-hover-color default-btn-bg-color default-btn-bg-hover-color\" id=\"dt-btn-2\"><span>mehr erfahren<\/span><\/a>[\/vc_column][vc_column width=&#8220;1\/2&#8243; css=&#8220;.vc_custom_1483965993983{margin-top: 0px !important;margin-right: 0px !important;margin-bottom: 0px !important;margin-left: 0px !important;padding-top: 0px !important;padding-right: 0px !important;padding-bottom: 0px !important;padding-left: 0px !important;background-color: #f8fbee !important;}&#8220;][vc_single_image image=&#8220;6633&#8243; img_size=&#8220;full&#8220; alignment=&#8220;center&#8220; css=&#8220;.vc_custom_1497255109003{margin-right: 0px !important;margin-bottom: 0px !important;}&#8220;][\/vc_column][\/vc_row]<\/p>\n<\/div>","protected":false},"excerpt":{"rendered":"<p>[vc_row margin_top=&#8220;20px&#8220;][vc_column css=&#8220;.vc_custom_1491927236989{padding-bottom: 5% !important;}&#8220;][ultimate_heading main_heading=&#8220;Einkaufsratgeber&#8220; heading_tag=&#8220;h1&#8243; alignment=&#8220;left&#8220;] Auf diesen Seiten finden Sie alle Infos\u00a0f\u00fcr Ihren bewussten Einkauf. [\/ultimate_heading][\/vc_column][\/vc_row][vc_row type=&#8220;vc_default&#8220; full_width=&#8220;stretch_row&#8220; margin_top=&#8220;40px&#8220; css=&#8220;.vc_custom_1490966471262{margin-bottom: 40px !important;}&#8220;][vc_column][vc_row_inner][vc_column_inner width=&#8220;2\/3&#8243;][vc_column_text]Neben allgemeinen Tipps und Tricks beim Einkauf stellen wir Ihnen detaillierte Informationen zu einzelnen Siegeln zur Verf\u00fcgung. Exemplare des Greensurance\u00ae-Einkaufsratgebers\u00a0f\u00fcr den Geldbeutel bestellen Sie hier. Viel Spa\u00df bei Ihrem t\u00e4glichen&hellip;<\/p>\n","protected":false},"author":1,"featured_media":0,"parent":0,"menu_order":0,"comment_status":"closed","ping_status":"closed","template":"","meta":{"footnotes":""},"class_list":["post-881","page","type-page","status-publish","hentry","description-off"],"_links":{"self":[{"href":"https:\/\/www.greensurance.de\/einkaufsratgeber\/wp-json\/wp\/v2\/pages\/881","targetHints":{"allow":["GET"]}}],"collection":[{"href":"https:\/\/www.greensurance.de\/einkaufsratgeber\/wp-json\/wp\/v2\/pages"}],"about":[{"href":"https:\/\/www.greensurance.de\/einkaufsratgeber\/wp-json\/wp\/v2\/types\/page"}],"author":[{"embeddable":true,"href":"https:\/\/www.greensurance.de\/einkaufsratgeber\/wp-json\/wp\/v2\/users\/1"}],"replies":[{"embeddable":true,"href":"https:\/\/www.greensurance.de\/einkaufsratgeber\/wp-json\/wp\/v2\/comments?post=881"}],"version-history":[{"count":5,"href":"https:\/\/www.greensurance.de\/einkaufsratgeber\/wp-json\/wp\/v2\/pages\/881\/revisions"}],"predecessor-version":[{"id":7410,"href":"https:\/\/www.greensurance.de\/einkaufsratgeber\/wp-json\/wp\/v2\/pages\/881\/revisions\/7410"}],"wp:attachment":[{"href":"https:\/\/www.greensurance.de\/einkaufsratgeber\/wp-json\/wp\/v2\/media?parent=881"}],"curies":[{"name":"wp","href":"https:\/\/api.w.org\/{rel}","templated":true}]}}