{"id":269,"date":"2021-06-02T13:00:01","date_gmt":"2021-06-02T11:00:01","guid":{"rendered":"https:\/\/www.greensurance.de\/oekopunkte\/?page_id=269"},"modified":"2021-06-02T13:22:18","modified_gmt":"2021-06-02T11:22:18","slug":"oekopunkte-fuer-biolaeden","status":"publish","type":"page","link":"https:\/\/www.greensurance.de\/oekopunkte\/oekopunkte-fuer-biolaeden\/","title":{"rendered":"\u00d6kopunkte f\u00fcr Biol\u00e4den"},"content":{"rendered":"<p>Greensurance\u00ae bietet speziellen Versicherungsschutz f\u00fcr (fast) alles, was die Umwelt sch\u00fctzt und dem Klima hilft, und belohnt mit diesen Sonderkonzepten auch noch Ihr Engagement mit \u00d6kopunkten.<\/p>\n<p><strong>Unser Sonderkonzept f\u00fcr Biol\u00e4den steht Ihnen alsbald zur Verf\u00fcgung.<\/strong><\/p>\n<p>&nbsp;<\/p>\n<p>&nbsp;<\/p>\n<p>&nbsp;<\/p>\n","protected":false},"excerpt":{"rendered":"<p>Greensurance\u00ae bietet speziellen Versicherungsschutz f\u00fcr (fast) alles, was die Umwelt sch\u00fctzt und dem Klima hilft, und belohnt mit diesen Sonderkonzepten auch noch Ihr Engagement mit \u00d6kopunkten. Unser Sonderkonzept f\u00fcr Biol\u00e4den steht Ihnen alsbald zur Verf\u00fcgung. &nbsp; &nbsp; &nbsp;<\/p>\n","protected":false},"author":21,"featured_media":96,"parent":0,"menu_order":0,"comment_status":"closed","ping_status":"closed","template":"","meta":{"footnotes":""},"class_list":["post-269","page","type-page","status-publish","has-post-thumbnail","hentry","description-off"],"_links":{"self":[{"href":"https:\/\/www.greensurance.de\/oekopunkte\/wp-json\/wp\/v2\/pages\/269","targetHints":{"allow":["GET"]}}],"collection":[{"href":"https:\/\/www.greensurance.de\/oekopunkte\/wp-json\/wp\/v2\/pages"}],"about":[{"href":"https:\/\/www.greensurance.de\/oekopunkte\/wp-json\/wp\/v2\/types\/page"}],"author":[{"embeddable":true,"href":"https:\/\/www.greensurance.de\/oekopunkte\/wp-json\/wp\/v2\/users\/21"}],"replies":[{"embeddable":true,"href":"https:\/\/www.greensurance.de\/oekopunkte\/wp-json\/wp\/v2\/comments?post=269"}],"version-history":[{"count":3,"href":"https:\/\/www.greensurance.de\/oekopunkte\/wp-json\/wp\/v2\/pages\/269\/revisions"}],"predecessor-version":[{"id":276,"href":"https:\/\/www.greensurance.de\/oekopunkte\/wp-json\/wp\/v2\/pages\/269\/revisions\/276"}],"wp:featuredmedia":[{"embeddable":true,"href":"https:\/\/www.greensurance.de\/oekopunkte\/wp-json\/wp\/v2\/media\/96"}],"wp:attachment":[{"href":"https:\/\/www.greensurance.de\/oekopunkte\/wp-json\/wp\/v2\/media?parent=269"}],"curies":[{"name":"wp","href":"https:\/\/api.w.org\/{rel}","templated":true}]}}