{"id":69,"date":"2016-10-29T16:53:26","date_gmt":"2016-10-29T14:53:26","guid":{"rendered":"http:\/\/staging16.greensurance.de\/oekopunkte\/?page_id=69"},"modified":"2020-03-30T17:13:25","modified_gmt":"2020-03-30T15:13:25","slug":"oekopunkte-fuer-mobilitaet","status":"publish","type":"page","link":"https:\/\/www.greensurance.de\/oekopunkte\/oekopunkte-fuer-mobilitaet\/","title":{"rendered":"\u00d6kopunkte f\u00fcr Mobilit\u00e4t"},"content":{"rendered":"<h3>\u00d6kopunkte f\u00fcr Klimafreundlichstellung<\/h3>\n<p>\u00d6kopunkte f\u00fcr Ihre Kfz-Versicherung sammeln Sie durch CO<sub>2<\/sub>-Kompensation Ihrer pers\u00f6nlichen Mobilit\u00e4t.<br \/>\nGreensurance\u00ae bietet Ihnen daf\u00fcr den <a href=\"http:\/\/www.greensfair.de\/\" target=\"_blank\" rel=\"noopener noreferrer\">greensFAIR\u00ae &#8211; Emissionsrechner<\/a> an. Stellen Sie Ihren CO<sub>2<\/sub>-Aussto\u00df klimafreundlich und f\u00fcllen Sie anschlie\u00dfend die <a href=\"https:\/\/www.greensurance.de\/oekopunkte\/wp-content\/uploads\/sites\/2\/2020\/03\/191114_Kfz_Anfrage.pdf\" target=\"_blank\" rel=\"noopener noreferrer\">Anfrage zur Kfz-Versicherung (PDF, 1MB)<\/a> aus. Wir erstellen Ihnen gerne Ihr individuelles Angebot unter Ber\u00fccksichtigung Ihrer gesammelten \u00d6kopunkte.<\/p>\n<p>Weitere \u00d6kopunkte erhalten Sie, wenn Sie uns die ausgef\u00fcllten <a href=\"https:\/\/www.greensurance.de\/oekopunkte\/wp-content\/uploads\/sites\/2\/2016\/10\/sprit_spar_tipps_mobilitaet.pdf\" target=\"_blank\" rel=\"noopener noreferrer\">Sprit-Spar-Tipps (PDF)<\/a> zusenden. Vielen Dank!<\/p>\n<p>&nbsp;<\/p>\n<h3>Direkte Kfz-Anfragen<\/h3>\n<p>F\u00fcr direkte Kfz-Anfragen (ohne CO<sub>2<\/sub>-Kompensation) w\u00e4hlen Sie bitte das gew\u00fcnschte PDF-Formular aus und senden Sie es uns ausgef\u00fcllt zu.<br \/>\nWir erstellen Ihnen gerne Ihr pers\u00f6nliches Angebot!<\/p>\n<ul>\n<li><a href=\"https:\/\/www.greensurance.de\/oekopunkte\/wp-content\/uploads\/sites\/2\/2020\/03\/191114_Kfz_Anfrage.pdf\" target=\"_blank\" rel=\"noopener noreferrer\">Private Kraftfahrzeuge (PDF)<\/a><\/li>\n<li><a href=\"\/oekopunkte\/wp-content\/uploads\/sites\/2\/2016\/10\/flottenmanagement.pdf\" target=\"_blank\" rel=\"noopener noreferrer\">Fahrzeugflotten (PDF)<\/a><\/li>\n<li><a href=\"https:\/\/www.greensurance.de\/oekopunkte\/wp-content\/uploads\/sites\/2\/2020\/03\/191114_Kfz_Anfrage.pdf\" target=\"_blank\" rel=\"noopener noreferrer\">STROMER (PDF)<\/a><\/li>\n<li><a href=\"https:\/\/www.greensurance.de\/oekopunkte\/wp-content\/uploads\/sites\/2\/2020\/03\/191114_Kfz_Anfrage.pdf\" target=\"_blank\" rel=\"noopener noreferrer\">Alternative Antriebe (PDF)<\/a><\/li>\n<li>S-Pedelec<\/li>\n<li>eMotorrad &amp; eRoller<\/li>\n<li><a href=\"https:\/\/www.greensurance.de\/oekopunkte\/wp-content\/uploads\/sites\/2\/2020\/03\/191114_Kfz_Anfrage.pdf\" target=\"_blank\" rel=\"noopener noreferrer\">sonstige Fahrzeuge (PDF)<\/a><\/li>\n<\/ul>\n<p>&nbsp;<\/p>\n","protected":false},"excerpt":{"rendered":"<p>\u00d6kopunkte f\u00fcr Klimafreundlichstellung \u00d6kopunkte f\u00fcr Ihre Kfz-Versicherung sammeln Sie durch CO2-Kompensation Ihrer pers\u00f6nlichen Mobilit\u00e4t. Greensurance\u00ae bietet Ihnen daf\u00fcr den greensFAIR\u00ae &#8211; Emissionsrechner an. Stellen Sie Ihren CO2-Aussto\u00df klimafreundlich und f\u00fcllen Sie anschlie\u00dfend die Anfrage zur Kfz-Versicherung (PDF, 1MB) aus. Wir erstellen Ihnen gerne Ihr individuelles Angebot unter Ber\u00fccksichtigung Ihrer gesammelten \u00d6kopunkte. Weitere \u00d6kopunkte erhalten Sie,&hellip;<\/p>\n","protected":false},"author":22,"featured_media":0,"parent":0,"menu_order":0,"comment_status":"closed","ping_status":"closed","template":"","meta":{"footnotes":""},"class_list":["post-69","page","type-page","status-publish","hentry","description-off"],"_links":{"self":[{"href":"https:\/\/www.greensurance.de\/oekopunkte\/wp-json\/wp\/v2\/pages\/69","targetHints":{"allow":["GET"]}}],"collection":[{"href":"https:\/\/www.greensurance.de\/oekopunkte\/wp-json\/wp\/v2\/pages"}],"about":[{"href":"https:\/\/www.greensurance.de\/oekopunkte\/wp-json\/wp\/v2\/types\/page"}],"author":[{"embeddable":true,"href":"https:\/\/www.greensurance.de\/oekopunkte\/wp-json\/wp\/v2\/users\/22"}],"replies":[{"embeddable":true,"href":"https:\/\/www.greensurance.de\/oekopunkte\/wp-json\/wp\/v2\/comments?post=69"}],"version-history":[{"count":19,"href":"https:\/\/www.greensurance.de\/oekopunkte\/wp-json\/wp\/v2\/pages\/69\/revisions"}],"predecessor-version":[{"id":239,"href":"https:\/\/www.greensurance.de\/oekopunkte\/wp-json\/wp\/v2\/pages\/69\/revisions\/239"}],"wp:attachment":[{"href":"https:\/\/www.greensurance.de\/oekopunkte\/wp-json\/wp\/v2\/media?parent=69"}],"curies":[{"name":"wp","href":"https:\/\/api.w.org\/{rel}","templated":true}]}}