{"id":71,"date":"2016-10-29T16:55:49","date_gmt":"2016-10-29T14:55:49","guid":{"rendered":"http:\/\/staging16.greensurance.de\/oekopunkte\/?page_id=71"},"modified":"2017-12-16T08:03:25","modified_gmt":"2017-12-16T07:03:25","slug":"oekopunkte-fuer-privatkunden","status":"publish","type":"page","link":"https:\/\/www.greensurance.de\/oekopunkte\/oekopunkte-fuer-privatkunden\/","title":{"rendered":"\u00d6kopunkte f\u00fcr Privatkunden"},"content":{"rendered":"<p>&nbsp;<\/p>\n<a href=\"https:\/\/greensurance.digitalerversicherungsmanager.de\/oekopunkte-sammeln\/allgemeine-oekopunktfragen\" class=\"btn-shortcode dt-btn-m dt-btn default-btn-color default-btn-hover-color default-btn-bg-color default-btn-bg-hover-color fadeIn animate-element animation-builder\" id=\"dt-btn-1\"><i class=\"fa fa-chevron-circle-right\"><\/i><span>Hier starten<\/span><\/a>\n<p>&nbsp;<\/p>\n<h3>\u00d6kopunkte sammeln \u2013 Wie funktioniert das?<\/h3>\n<p>Zun\u00e4chst f\u00fclle ich die <strong>Allgemeinen Fragen <\/strong>zum \u00d6kopunkte sammeln aus.\u00a0\u00a0Dies nimmt ca. 10 Minuten in Anspruch. Ich lese die Fragen und Hinweise dazu aufmerksam durch und w\u00e4hle die Antwortm\u00f6glichkeit, die am besten auf mich\u00a0pers\u00f6nlich bzw. auf meine Familie zutrifft.<\/p>\n<p><strong>Versicherungsschutz <\/strong>ausw\u00e4hlen: Nach dem Allgemeinen Fragebogen beantworte ich\u00a0die Fragen zu meinem gew\u00fcnschten Versicherungsschutz. \u00d6kopunkte kann ich sammeln f\u00fcr die:<\/p>\n<ul>\n<li>Haftpflicht Versicherung<\/li>\n<li>Rechtsschutz Versicherung<\/li>\n<li>Unfall Versicherung<\/li>\n<li>Hausrat Versicherung<\/li>\n<li>Wohngeb\u00e4ude Versicherung<\/li>\n<\/ul>\n<p>F\u00fcr jeden <strong>gew\u00e4hlten<\/strong> Versicherungsschutz beantworte ich einen Fragebogen. Somit kann ich einen oder mehrere Frageb\u00f6gen ausf\u00fcllen. Daf\u00fcr ben\u00f6tige ich jeweils ca. 5 Minuten.<\/p>\n<p>Ich habe die M\u00f6glichkeit weitere \u00d6kopunkte zu sammeln, indem ich Nachweise meiner\u00a0<strong>nachhaltigen Lebensweise<\/strong> \u00fcbermittle. Nachweise k\u00f6nnen z.B. ein Foto meiner BahnCard oder eine Bescheinigung \u00fcber meine Kompensationszahlung (Klimafreundlichstellung) sein.<\/p>\n<p>Die maximal erreichbare \u00d6kopunktzahl erreiche ich nur, durch das Hochladen von Nachweisen. Nachweise kann ich innerhalb von <strong>2 Wochen<\/strong> auf meinem\u00a0<strong>Benutzerkonto<\/strong> in Form einer PDF-Datei oder Foto-Datei hochladen.<\/p>\n<p>&nbsp;<\/p>\n<h3>Welchen Vorteil habe ich?<\/h3>\n<ul>\n<li>Greensurance belohnt mich f\u00fcr mein nachhaltiges Handeln, denn die gesammelten \u00d6kopunkte\u00a0reduzieren meinen Versicherungsbeitrag<\/li>\n<li>einige der Fragen werden mich zum Nachdenken anregen, wie ich mein Leben noch nachhaltiger gestalten kann<\/li>\n<li>durch meinen Greensurance<sup>\u00ae <\/sup>-Versicherungsschutz f\u00f6rdere ich den Umwelt-, insbesondere den Klimaschutz<\/li>\n<\/ul>\n<p>&nbsp;<\/p>\n<a href=\"https:\/\/greensurance.digitalerversicherungsmanager.de\/oekopunkte-sammeln\/allgemeine-oekopunktfragen\" class=\"btn-shortcode dt-btn-m dt-btn default-btn-color default-btn-hover-color default-btn-bg-color default-btn-bg-hover-color fadeIn animate-element animation-builder\" id=\"dt-btn-2\"><i class=\"fa fa-chevron-circle-right\"><\/i><span>Jetzt \u00d6kopunkte sammeln<\/span><\/a>\n<p>&nbsp;<\/p>\n<p>&nbsp;<\/p>\n","protected":false},"excerpt":{"rendered":"<p>&nbsp; &nbsp; \u00d6kopunkte sammeln \u2013 Wie funktioniert das? Zun\u00e4chst f\u00fclle ich die Allgemeinen Fragen zum \u00d6kopunkte sammeln aus.\u00a0\u00a0Dies nimmt ca. 10 Minuten in Anspruch. Ich lese die Fragen und Hinweise dazu aufmerksam durch und w\u00e4hle die Antwortm\u00f6glichkeit, die am besten auf mich\u00a0pers\u00f6nlich bzw. auf meine Familie zutrifft. Versicherungsschutz ausw\u00e4hlen: Nach dem Allgemeinen Fragebogen beantworte ich\u00a0die&hellip;<\/p>\n","protected":false},"author":22,"featured_media":0,"parent":0,"menu_order":0,"comment_status":"closed","ping_status":"closed","template":"","meta":{"footnotes":""},"class_list":["post-71","page","type-page","status-publish","hentry","description-off"],"_links":{"self":[{"href":"https:\/\/www.greensurance.de\/oekopunkte\/wp-json\/wp\/v2\/pages\/71","targetHints":{"allow":["GET"]}}],"collection":[{"href":"https:\/\/www.greensurance.de\/oekopunkte\/wp-json\/wp\/v2\/pages"}],"about":[{"href":"https:\/\/www.greensurance.de\/oekopunkte\/wp-json\/wp\/v2\/types\/page"}],"author":[{"embeddable":true,"href":"https:\/\/www.greensurance.de\/oekopunkte\/wp-json\/wp\/v2\/users\/22"}],"replies":[{"embeddable":true,"href":"https:\/\/www.greensurance.de\/oekopunkte\/wp-json\/wp\/v2\/comments?post=71"}],"version-history":[{"count":8,"href":"https:\/\/www.greensurance.de\/oekopunkte\/wp-json\/wp\/v2\/pages\/71\/revisions"}],"predecessor-version":[{"id":227,"href":"https:\/\/www.greensurance.de\/oekopunkte\/wp-json\/wp\/v2\/pages\/71\/revisions\/227"}],"wp:attachment":[{"href":"https:\/\/www.greensurance.de\/oekopunkte\/wp-json\/wp\/v2\/media?parent=71"}],"curies":[{"name":"wp","href":"https:\/\/api.w.org\/{rel}","templated":true}]}}