{"id":73,"date":"2016-10-29T16:56:31","date_gmt":"2016-10-29T14:56:31","guid":{"rendered":"http:\/\/staging16.greensurance.de\/oekopunkte\/?page_id=73"},"modified":"2016-10-31T18:38:38","modified_gmt":"2016-10-31T17:38:38","slug":"oekopunkte-fuer-firmenkunden","status":"publish","type":"page","link":"https:\/\/www.greensurance.de\/oekopunkte\/oekopunkte-fuer-firmenkunden\/","title":{"rendered":"\u00d6kopunkte f\u00fcr Firmenkunden"},"content":{"rendered":"<p>Sie haben verschiedene M\u00f6glichkeiten ein Greensurance<sup>\u00ae\u00a0<\/sup>Angebot f\u00fcr Ihre Firma zu erhalten. Sie k\u00f6nnen entweder gleich damit anfangen \u00d6kopunkte zu sammeln, oder Sie f\u00fcllen den Fragebogen \u00bb<a href=\"\/oekopunkte\/wp-content\/uploads\/sites\/2\/2016\/10\/multideckung-firmenkunden.pdf\"><strong>MultiDeckung f\u00fcr Firmen<\/strong><\/a>\u00ab aus. Greensurance\u00ae\u00a0unterscheidet Unternehmen nach ihrer Besch\u00e4ftigtenzahl. Bitte w\u00e4hlen Sie f\u00fcr Ihr Unternehmen\u00a0\u00bbBetriebe 0-3 Besch\u00e4ftigte\u00ab, \u00bbBetriebe 4-50 Besch\u00e4ftigte\u00ab,\u00a0\u00bbBetriebe 51-250 Besch\u00e4ftigte\u00ab.<\/p>\n","protected":false},"excerpt":{"rendered":"<p>Sie haben verschiedene M\u00f6glichkeiten ein Greensurance\u00ae\u00a0Angebot f\u00fcr Ihre Firma zu erhalten. Sie k\u00f6nnen entweder gleich damit anfangen \u00d6kopunkte zu sammeln, oder Sie f\u00fcllen den Fragebogen \u00bbMultiDeckung f\u00fcr Firmen\u00ab aus. Greensurance\u00ae\u00a0unterscheidet Unternehmen nach ihrer Besch\u00e4ftigtenzahl. Bitte w\u00e4hlen Sie f\u00fcr Ihr Unternehmen\u00a0\u00bbBetriebe 0-3 Besch\u00e4ftigte\u00ab, \u00bbBetriebe 4-50 Besch\u00e4ftigte\u00ab,\u00a0\u00bbBetriebe 51-250 Besch\u00e4ftigte\u00ab.<\/p>\n","protected":false},"author":22,"featured_media":0,"parent":0,"menu_order":0,"comment_status":"closed","ping_status":"closed","template":"","meta":{"footnotes":""},"class_list":["post-73","page","type-page","status-publish","hentry","description-off"],"_links":{"self":[{"href":"https:\/\/www.greensurance.de\/oekopunkte\/wp-json\/wp\/v2\/pages\/73","targetHints":{"allow":["GET"]}}],"collection":[{"href":"https:\/\/www.greensurance.de\/oekopunkte\/wp-json\/wp\/v2\/pages"}],"about":[{"href":"https:\/\/www.greensurance.de\/oekopunkte\/wp-json\/wp\/v2\/types\/page"}],"author":[{"embeddable":true,"href":"https:\/\/www.greensurance.de\/oekopunkte\/wp-json\/wp\/v2\/users\/22"}],"replies":[{"embeddable":true,"href":"https:\/\/www.greensurance.de\/oekopunkte\/wp-json\/wp\/v2\/comments?post=73"}],"version-history":[{"count":5,"href":"https:\/\/www.greensurance.de\/oekopunkte\/wp-json\/wp\/v2\/pages\/73\/revisions"}],"predecessor-version":[{"id":167,"href":"https:\/\/www.greensurance.de\/oekopunkte\/wp-json\/wp\/v2\/pages\/73\/revisions\/167"}],"wp:attachment":[{"href":"https:\/\/www.greensurance.de\/oekopunkte\/wp-json\/wp\/v2\/media?parent=73"}],"curies":[{"name":"wp","href":"https:\/\/api.w.org\/{rel}","templated":true}]}}