{"id":75,"date":"2016-10-29T16:57:25","date_gmt":"2016-10-29T14:57:25","guid":{"rendered":"http:\/\/staging16.greensurance.de\/oekopunkte\/?page_id=75"},"modified":"2018-08-12T21:12:14","modified_gmt":"2018-08-12T19:12:14","slug":"oekopunkte-fuer-landwirtschaft","status":"publish","type":"page","link":"https:\/\/www.greensurance.de\/oekopunkte\/oekopunkte-fuer-landwirtschaft\/","title":{"rendered":"\u00d6kopunkte f\u00fcr Landwirtschaft"},"content":{"rendered":"<p>&nbsp;<\/p>\n<a href=\"https:\/\/greensurance.digitalerversicherungsmanager.de\/oekopunkte-sammeln\/landwirtschaft\/aktivieren\/gshp-top\" class=\"btn-shortcode dt-btn-m dt-btn default-btn-color default-btn-hover-color default-btn-bg-color default-btn-bg-hover-color fadeIn animate-element animation-builder\" id=\"dt-btn-1\"><i class=\"fa fa-chevron-circle-right\"><\/i><span>Hier starten<\/span><\/a>\n<p>&nbsp;<\/p>\n<h2>\u00d6kopunkte sammeln &#8211; Naturnahe Landwirtschaft belohnen<\/h2>\n<p>Die Nachhaltigkeitsleistung naturnaher landwirtschaftlicher Bewirtschaftung belohnen wir mit \u00d6kopunkten. Damit reduzieren Sie Ihren Versicherungsbeitrag f\u00fcr die landwirtschaftliche Haftpflichtversicherung und alle Sachversicherungen.<\/p>\n<h3>Wie funktioniert das Sammeln von \u00d6kopunkten? \u2013 eine kurze Erkl\u00e4rung<\/h3>\n<p>Ihre \u00d6kopunkte sammeln Sie online. Da der Fragebogen auf alle Bewirtschaftungsformen eingeht (Ackerland, Gr\u00fcnland, Viehwirtschaft, Forstwirtschaft, Haus und Hof) werden Sie nach den Einstiegsfragen aufgefordert, einen Account anzulegen. Damit wird ein Zwischenspeichern erm\u00f6glicht, und Sie haben die M\u00f6glichkeit die Beantwortung zu unterbrechen, um zu einem sp\u00e4teren Zeitpunkt fortzufahren.<\/p>\n<h3>\u00d6kopunkte unterst\u00fctzen die nachhaltige Entwicklung<\/h3>\n<p>Das Greensurance\u00ae-\u00d6kopunktesystem ist nicht nur ein Rabattsystem f\u00fcr Nachhaltigkeitsleistungen in der Landwirtschaft, sondern m\u00f6chte durch die Fragestellung auch Hinweise und Empfehlungen aussprechen. Wahrscheinlich werden Sie nicht alle Fragen positiv im Sinne einer naturnahen Landwirtschaft beantworten k\u00f6nnen. Vielleicht aber sind die Fragen Ansto\u00df f\u00fcr Ma\u00dfnahmen die zuk\u00fcnftig auf Ihrem landwirtschaftlichen Betrieb umgesetzt werden k\u00f6nnen.<\/p>\n<h3>Nachhaltiger Fortschrittsprozess in der Landwirtschaft<\/h3>\n<p>Die Greensurance Stiftung | F\u00fcr Mensch und Umwelt unterst\u00fctzt Sie gerne bei der \u00bbGro\u00dfen Transformation\u00ab Ihres landwirtschaftlichen Betriebes oder steht einfach mit Rat und Tat f\u00fcr Ma\u00dfnahmen zur Verf\u00fcgung. Ihre \u00d6kopunkte k\u00f6nnen Sie alle drei Jahre aktualisieren, also neu sammeln. Mit einer stetigen Nachhaltigkeitsverbesserung durch \u00f6kologische Ma\u00dfnahmen belohnen wir Sie mit weiteren \u00d6kopunkten.<\/p>\n<h3>Naturnahe Landwirtschaft \u2013 unsere Negativkriterien<\/h3>\n<p>Nicht jeder landwirtschaftliche Betrieb kann \u00fcber Greensurance\u00ae \u00d6kopunkte sammeln. Unsere Negativkriterien beschreiben, welche landwirtschaftlichen Betriebe wir nicht versichern m\u00f6chten. Betriebe die beispielsweise genmanipuliertes Eiwei\u00df verf\u00fcttern oder Intensivtierhaltung betreiben, wollen wir nicht zu unseren Versicherungskunden z\u00e4hlen. Bevor Sie einen Account anlegen k\u00f6nnen, wird Ihnen ein Hinweis gegeben, ob Sie die weitere M\u00f6glichkeit erhalten \u00d6kopunkte zu sammeln, oder nicht.<\/p>\n<h3>Nachhaltigkeitsleistung sichtbar machen<\/h3>\n<p>Nach Beantwortung des Fragebogens werden Ihnen Ihre gesammelten \u00d6kopunkte angezeigt. Mit einem Netzdiagramm werden St\u00e4rken wie Schw\u00e4chen sichtbar. Ausgewertet werden folgende Themenfelder: Biodiversit\u00e4t, Wasser, D\u00fcngemanagement, Boden, Atmosph\u00e4re, Tierwohl, Material und Energie.<\/p>\n<h3>Wenn Sie \u00d6kopunkte gesammelt haben<\/h3>\n<p>Sobald Sie Ihre \u00d6kopunkte gesammelt haben, wird sich ein\/e MitarbeiterIn von Greensurance\u00ae mit Ihnen in Verbindung setzen. Wir gehen dann mit Ihnen ins Gespr\u00e4ch, pr\u00fcfen Ihren Versicherungsschutz, optimieren und wechseln gegebenenfalls.<\/p>\n<h3>Die nachhaltige Transformation unterst\u00fctzen<\/h3>\n<p>Mit Ihren Versicherungsbeitr\u00e4gen unterst\u00fctzen Sie die \u00bbGro\u00dfen Transformation\u00ab einer \u00bbNachhaltigen Entwicklung\u00ab. Denn mindestens 5% aller unserer Einnahmen werden an die Greensurance Stiftung | F\u00fcr Mensch und Umwelt weitergeleitet. Die Stiftung f\u00f6rdert seit ihrer Gr\u00fcndung die Naturnahe Landwirtschaft, renaturiert Moore und ber\u00e4t Kunden zu gesunden und biologischen Lebensmitteln.<\/p>\n<p>&nbsp;<\/p>\n<a href=\"https:\/\/greensurance.digitalerversicherungsmanager.de\/oekopunkte-sammeln\/landwirtschaft\/aktivieren\/gshp-bottom\" class=\"btn-shortcode dt-btn-m dt-btn default-btn-color default-btn-hover-color default-btn-bg-color default-btn-bg-hover-color fadeIn animate-element animation-builder\" id=\"dt-btn-2\"><i class=\"fa fa-chevron-circle-right\"><\/i><span>Jetzt \u00d6kopunkte sammeln<\/span><\/a>\n<p>&nbsp;<\/p>\n<p>&nbsp;<\/p>\n<p>&nbsp;<\/p>\n<p>&nbsp;<\/p>\n<p>&nbsp;<\/p>\n<p>&nbsp;<\/p>\n<p>&nbsp;<\/p>\n<p>&nbsp;<\/p>\n<p>&nbsp;<\/p>\n<p>&nbsp;<\/p>\n<p>&nbsp;<\/p>\n<p>&nbsp;<\/p>\n","protected":false},"excerpt":{"rendered":"<p>&nbsp; &nbsp; \u00d6kopunkte sammeln &#8211; Naturnahe Landwirtschaft belohnen Die Nachhaltigkeitsleistung naturnaher landwirtschaftlicher Bewirtschaftung belohnen wir mit \u00d6kopunkten. Damit reduzieren Sie Ihren Versicherungsbeitrag f\u00fcr die landwirtschaftliche Haftpflichtversicherung und alle Sachversicherungen. Wie funktioniert das Sammeln von \u00d6kopunkten? \u2013 eine kurze Erkl\u00e4rung Ihre \u00d6kopunkte sammeln Sie online. Da der Fragebogen auf alle Bewirtschaftungsformen eingeht (Ackerland, Gr\u00fcnland, Viehwirtschaft, Forstwirtschaft,&hellip;<\/p>\n","protected":false},"author":22,"featured_media":0,"parent":0,"menu_order":0,"comment_status":"closed","ping_status":"closed","template":"","meta":{"footnotes":""},"class_list":["post-75","page","type-page","status-publish","hentry","description-off"],"_links":{"self":[{"href":"https:\/\/www.greensurance.de\/oekopunkte\/wp-json\/wp\/v2\/pages\/75","targetHints":{"allow":["GET"]}}],"collection":[{"href":"https:\/\/www.greensurance.de\/oekopunkte\/wp-json\/wp\/v2\/pages"}],"about":[{"href":"https:\/\/www.greensurance.de\/oekopunkte\/wp-json\/wp\/v2\/types\/page"}],"author":[{"embeddable":true,"href":"https:\/\/www.greensurance.de\/oekopunkte\/wp-json\/wp\/v2\/users\/22"}],"replies":[{"embeddable":true,"href":"https:\/\/www.greensurance.de\/oekopunkte\/wp-json\/wp\/v2\/comments?post=75"}],"version-history":[{"count":8,"href":"https:\/\/www.greensurance.de\/oekopunkte\/wp-json\/wp\/v2\/pages\/75\/revisions"}],"predecessor-version":[{"id":237,"href":"https:\/\/www.greensurance.de\/oekopunkte\/wp-json\/wp\/v2\/pages\/75\/revisions\/237"}],"wp:attachment":[{"href":"https:\/\/www.greensurance.de\/oekopunkte\/wp-json\/wp\/v2\/media?parent=75"}],"curies":[{"name":"wp","href":"https:\/\/api.w.org\/{rel}","templated":true}]}}