{"id":77,"date":"2016-10-29T16:58:31","date_gmt":"2016-10-29T14:58:31","guid":{"rendered":"http:\/\/staging16.greensurance.de\/oekopunkte\/?page_id=77"},"modified":"2016-10-31T09:15:53","modified_gmt":"2016-10-31T08:15:53","slug":"oekopunkte-energie-waerme","status":"publish","type":"page","link":"https:\/\/www.greensurance.de\/oekopunkte\/oekopunkte-energie-waerme\/","title":{"rendered":"\u00d6kopunkte Energie &amp; W\u00e4rme"},"content":{"rendered":"<p>Sammeln Sie hier Ihre \u00d6kopunkte f\u00fcr Ihre Photovoltaik- und Windkraftanlage.<\/p>\n<p>&nbsp;<\/p>\n<p style=\"text-align: center\"><strong>Unsere Frageb\u00f6gen\u00a0stehen Ihnen alsbald zur Verf\u00fcgung.\u00a0<\/strong><\/p>\n<p>&nbsp;<\/p>\n<p>&nbsp;<\/p>\n<p>&nbsp;<\/p>\n<p>&nbsp;<\/p>\n<p>&nbsp;<\/p>\n<p>&nbsp;<\/p>\n<p>&nbsp;<\/p>\n<p>&nbsp;<\/p>\n<p>&nbsp;<\/p>\n<p>&nbsp;<\/p>\n<p>&nbsp;<\/p>\n<p>&nbsp;<\/p>\n<p>&nbsp;<\/p>\n","protected":false},"excerpt":{"rendered":"<p>Sammeln Sie hier Ihre \u00d6kopunkte f\u00fcr Ihre Photovoltaik- und Windkraftanlage. &nbsp; Unsere Frageb\u00f6gen\u00a0stehen Ihnen alsbald zur Verf\u00fcgung.\u00a0 &nbsp; &nbsp; &nbsp; &nbsp; &nbsp; &nbsp; &nbsp; &nbsp; &nbsp; &nbsp; &nbsp; &nbsp; &nbsp;<\/p>\n","protected":false},"author":22,"featured_media":0,"parent":0,"menu_order":0,"comment_status":"closed","ping_status":"closed","template":"","meta":{"footnotes":""},"class_list":["post-77","page","type-page","status-publish","hentry","description-off"],"_links":{"self":[{"href":"https:\/\/www.greensurance.de\/oekopunkte\/wp-json\/wp\/v2\/pages\/77","targetHints":{"allow":["GET"]}}],"collection":[{"href":"https:\/\/www.greensurance.de\/oekopunkte\/wp-json\/wp\/v2\/pages"}],"about":[{"href":"https:\/\/www.greensurance.de\/oekopunkte\/wp-json\/wp\/v2\/types\/page"}],"author":[{"embeddable":true,"href":"https:\/\/www.greensurance.de\/oekopunkte\/wp-json\/wp\/v2\/users\/22"}],"replies":[{"embeddable":true,"href":"https:\/\/www.greensurance.de\/oekopunkte\/wp-json\/wp\/v2\/comments?post=77"}],"version-history":[{"count":6,"href":"https:\/\/www.greensurance.de\/oekopunkte\/wp-json\/wp\/v2\/pages\/77\/revisions"}],"predecessor-version":[{"id":274,"href":"https:\/\/www.greensurance.de\/oekopunkte\/wp-json\/wp\/v2\/pages\/77\/revisions\/274"}],"wp:attachment":[{"href":"https:\/\/www.greensurance.de\/oekopunkte\/wp-json\/wp\/v2\/media?parent=77"}],"curies":[{"name":"wp","href":"https:\/\/api.w.org\/{rel}","templated":true}]}}