{"id":79,"date":"2016-10-29T16:59:02","date_gmt":"2016-10-29T14:59:02","guid":{"rendered":"http:\/\/staging16.greensurance.de\/oekopunkte\/?page_id=79"},"modified":"2016-10-31T09:14:44","modified_gmt":"2016-10-31T08:14:44","slug":"oekopunkte-sonderkonzepte","status":"publish","type":"page","link":"https:\/\/www.greensurance.de\/oekopunkte\/oekopunkte-sonderkonzepte\/","title":{"rendered":"\u00d6kopunkte Sonderkonzepte"},"content":{"rendered":"<p>Greensurance\u00ae bietet speziellen Versicherungsschutz f\u00fcr (fast) alles, was die Umwelt sch\u00fctzt und dem Klima hilft, und belohnt mit diesen Sonderkonzepten auch noch Ihr Engagement mit \u00d6kopunkten. W\u00e4hlen Sie unsere Spezialtarife und sparen Sie!<\/p>\n<p style=\"text-align: center\"><strong>Unsere Sonderkonzepte stehen Ihnen alsbald zur Verf\u00fcgung.\u00a0<\/strong><\/p>\n<p>&nbsp;<\/p>\n<p>&nbsp;<\/p>\n<p>&nbsp;<\/p>\n<p>&nbsp;<\/p>\n<p>&nbsp;<\/p>\n<p>&nbsp;<\/p>\n<p>&nbsp;<\/p>\n<p>&nbsp;<\/p>\n<p>&nbsp;<\/p>\n<p>&nbsp;<\/p>\n<p>&nbsp;<\/p>\n<p>&nbsp;<\/p>\n<p>&nbsp;<\/p>\n<p>&nbsp;<\/p>\n<p>&nbsp;<\/p>\n<p>&nbsp;<\/p>\n<p>&nbsp;<\/p>\n<p>&nbsp;<\/p>\n<p>&nbsp;<\/p>\n<p>&nbsp;<\/p>\n<p>&nbsp;<\/p>\n","protected":false},"excerpt":{"rendered":"<p>Greensurance\u00ae bietet speziellen Versicherungsschutz f\u00fcr (fast) alles, was die Umwelt sch\u00fctzt und dem Klima hilft, und belohnt mit diesen Sonderkonzepten auch noch Ihr Engagement mit \u00d6kopunkten. W\u00e4hlen Sie unsere Spezialtarife und sparen Sie! Unsere Sonderkonzepte stehen Ihnen alsbald zur Verf\u00fcgung.\u00a0 &nbsp; &nbsp; &nbsp; &nbsp; &nbsp; &nbsp; &nbsp; &nbsp; &nbsp; &nbsp; &nbsp; &nbsp; &nbsp; &nbsp; &nbsp;&hellip;<\/p>\n","protected":false},"author":22,"featured_media":0,"parent":0,"menu_order":0,"comment_status":"closed","ping_status":"closed","template":"","meta":{"footnotes":""},"class_list":["post-79","page","type-page","status-publish","hentry","description-off"],"_links":{"self":[{"href":"https:\/\/www.greensurance.de\/oekopunkte\/wp-json\/wp\/v2\/pages\/79","targetHints":{"allow":["GET"]}}],"collection":[{"href":"https:\/\/www.greensurance.de\/oekopunkte\/wp-json\/wp\/v2\/pages"}],"about":[{"href":"https:\/\/www.greensurance.de\/oekopunkte\/wp-json\/wp\/v2\/types\/page"}],"author":[{"embeddable":true,"href":"https:\/\/www.greensurance.de\/oekopunkte\/wp-json\/wp\/v2\/users\/22"}],"replies":[{"embeddable":true,"href":"https:\/\/www.greensurance.de\/oekopunkte\/wp-json\/wp\/v2\/comments?post=79"}],"version-history":[{"count":2,"href":"https:\/\/www.greensurance.de\/oekopunkte\/wp-json\/wp\/v2\/pages\/79\/revisions"}],"predecessor-version":[{"id":133,"href":"https:\/\/www.greensurance.de\/oekopunkte\/wp-json\/wp\/v2\/pages\/79\/revisions\/133"}],"wp:attachment":[{"href":"https:\/\/www.greensurance.de\/oekopunkte\/wp-json\/wp\/v2\/media?parent=79"}],"curies":[{"name":"wp","href":"https:\/\/api.w.org\/{rel}","templated":true}]}}